{"id":19681,"date":"2025-01-16T10:26:24","date_gmt":"2025-01-16T09:26:24","guid":{"rendered":"http:\/\/test.villabelvederehotel.it\/villa\/"},"modified":"2025-08-06T18:18:31","modified_gmt":"2025-08-06T16:18:31","slug":"villa","status":"publish","type":"page","link":"https:\/\/www.villabelvederehotel.it\/fr\/hotel\/villa\/","title":{"rendered":"Villa"},"content":{"rendered":"\t\t<div data-elementor-type=\"wp-page\" data-elementor-id=\"19681\" class=\"elementor elementor-19681 elementor-17569\">\n\t\t\t\t\t\t<section class=\"elementor-section elementor-top-section elementor-element elementor-element-7093f4d elementor-section-boxed elementor-section-height-default elementor-section-height-default qodef-elementor-content-no\" data-id=\"7093f4d\" data-element_type=\"section\">\n\t\t\t\t\t\t<div class=\"elementor-container elementor-column-gap-default\">\n\t\t\t\t\t<div class=\"elementor-column elementor-col-100 elementor-top-column elementor-element elementor-element-c710fcc\" data-id=\"c710fcc\" data-element_type=\"column\">\n\t\t\t<div class=\"elementor-widget-wrap elementor-element-populated\">\n\t\t\t\t\t\t<div class=\"elementor-element elementor-element-ed5a3eb elementor-widget elementor-widget-reina_core_section_title\" data-id=\"ed5a3eb\" data-element_type=\"widget\" data-widget_type=\"reina_core_section_title.default\">\n\t\t\t\t<div class=\"elementor-widget-container\">\n\t\t\t\t\t<div class=\"qodef-shortcode qodef-m  qodef-section-title  \">\n\t<div class=\"qodef-m-heading\">\n\t\t\t\t\t<h1 class=\"qodef-m-title\" >\n\t\t\t\t\tUne fen\u00eatre sur le parc\t\t\t<\/h1>\n\t<\/div>\n\t\t<\/div>\t\t\t\t<\/div>\n\t\t\t\t<\/div>\n\t\t\t\t<div class=\"elementor-element elementor-element-935a9ea elementor-widget elementor-widget-text-editor\" data-id=\"935a9ea\" data-element_type=\"widget\" data-widget_type=\"text-editor.default\">\n\t\t\t\t<div class=\"elementor-widget-container\">\n\t\t\t\t\t\t\t\t\t<p>Le petit-d\u00e9jeuner, avec un buffet riche et vari\u00e9, est servi dans la Villa, dans une belle v\u00e9randa qui donne directement sur le parc, avec de magnifiques citronniers en pot. Lors des journ\u00e9es d&rsquo;\u00e9t\u00e9, le service est \u00e9galement propos\u00e9 dans le jardin, \u00e0 l&rsquo;ombre d&rsquo;une pergola.<br \/>Pour le d\u00e9jeuner, un service de snack-bar est disponible, proposant des sandwichs, des salades et des plats de p\u00e2tes.<br \/>En plus de la r\u00e9ception, la Villa dispose \u00e9galement d&rsquo;un salon cosy avec t\u00e9l\u00e9vision et biblioth\u00e8que, o\u00f9 un point internet gratuit est \u00e0 votre disposition.<br \/>Des v\u00e9los gratuits sont disponibles pour de jolies balades \u00e0 Cannobio et dans les environs.<\/p>\t\t\t\t\t\t\t\t<\/div>\n\t\t\t\t<\/div>\n\t\t\t\t\t<\/div>\n\t\t<\/div>\n\t\t\t\t\t<\/div>\n\t\t<\/section>\n\t\t\t\t<section class=\"elementor-section elementor-top-section elementor-element elementor-element-4f8f623 elementor-section-boxed elementor-section-height-default elementor-section-height-default qodef-elementor-content-no\" data-id=\"4f8f623\" data-element_type=\"section\">\n\t\t\t\t\t\t<div class=\"elementor-container elementor-column-gap-default\">\n\t\t\t\t\t<div class=\"elementor-column elementor-col-100 elementor-top-column elementor-element elementor-element-ea183d4\" data-id=\"ea183d4\" data-element_type=\"column\">\n\t\t\t<div class=\"elementor-widget-wrap elementor-element-populated\">\n\t\t\t\t\t\t<div class=\"elementor-element elementor-element-c8a40d0 elementor-widget elementor-widget-qi_addons_for_elementor_image_gallery_masonry\" data-id=\"c8a40d0\" data-element_type=\"widget\" data-widget_type=\"qi_addons_for_elementor_image_gallery_masonry.default\">\n\t\t\t\t<div class=\"elementor-widget-container\">\n\t\t\t\t\t<div class=\"qodef-shortcode qodef-m qodef-qi-image-gallery-masonry qodef-qi-fslightbox-popup qodef-popup-gallery qodef-image--hover-zoom qodef-qi-grid qodef-layout--qi-masonry qodef-items--fixed qodef-col-num--3 qodef-responsive--predefined\">\n\t<div class=\"qodef-grid-inner\">\n\t\t\t<div class=\"qodef-qi-grid-masonry-sizer\"><\/div>\n<div class=\"qodef-e qodef-image-wrapper qodef-grid-item qodef-item--portrait\">\n\t<div class=\"qodef-e-inner\">\n\t\t\t\t\t<a class=\"qodef-popup-item\" itemprop=\"image\" href=\"https:\/\/www.villabelvederehotel.it\/wp-content\/uploads\/2025\/01\/park-hotel-villa-belvedere-cannobio-4.jpg\" data-type=\"image\" data-fslightbox=\"gallery-1\">\n\t\t\t\t\t<img fetchpriority=\"high\" decoding=\"async\" width=\"650\" height=\"1300\" src=\"https:\/\/www.villabelvederehotel.it\/wp-content\/uploads\/2025\/01\/park-hotel-villa-belvedere-cannobio-4-650x1300.jpg\" class=\"attachment-qi_addons_for_elementor_image_size_portrait size-qi_addons_for_elementor_image_size_portrait\" alt=\"I giardini del Park Hotel Villa Belvedere Cannobio\" \/>\t\t\t\t\t<\/a>\n\t\t\t<\/div>\n<\/div>\n<div class=\"qodef-e qodef-image-wrapper qodef-grid-item qodef-item--landscape\">\n\t<div class=\"qodef-e-inner\">\n\t\t\t\t\t<a class=\"qodef-popup-item\" itemprop=\"image\" href=\"https:\/\/www.villabelvederehotel.it\/wp-content\/uploads\/2025\/08\/park-hotel-villa-belvedere-villa-1.jpg\" data-type=\"image\" data-fslightbox=\"gallery-1\">\n\t\t\t\t\t<img decoding=\"async\" width=\"1200\" height=\"650\" src=\"https:\/\/www.villabelvederehotel.it\/wp-content\/uploads\/2025\/08\/park-hotel-villa-belvedere-villa-1-1200x650.jpg\" class=\"attachment-qi_addons_for_elementor_image_size_landscape size-qi_addons_for_elementor_image_size_landscape\" alt=\"\" \/>\t\t\t\t\t<\/a>\n\t\t\t<\/div>\n<\/div>\n<div class=\"qodef-e qodef-image-wrapper qodef-grid-item qodef-item--square\">\n\t<div class=\"qodef-e-inner\">\n\t\t\t\t\t<a class=\"qodef-popup-item\" itemprop=\"image\" href=\"https:\/\/www.villabelvederehotel.it\/wp-content\/uploads\/2025\/01\/park-hotel-villa-belvedere-cannobio-2.jpg\" data-type=\"image\" data-fslightbox=\"gallery-1\">\n\t\t\t\t\t<img decoding=\"async\" width=\"650\" height=\"650\" src=\"https:\/\/www.villabelvederehotel.it\/wp-content\/uploads\/2025\/01\/park-hotel-villa-belvedere-cannobio-2-650x650.jpg\" class=\"attachment-qi_addons_for_elementor_image_size_square size-qi_addons_for_elementor_image_size_square\" alt=\"Camere Park Hotel Villa Belvedere Cannobio\" srcset=\"https:\/\/www.villabelvederehotel.it\/wp-content\/uploads\/2025\/01\/park-hotel-villa-belvedere-cannobio-2-650x650.jpg 650w, https:\/\/www.villabelvederehotel.it\/wp-content\/uploads\/2025\/01\/park-hotel-villa-belvedere-cannobio-2-150x150.jpg 150w, https:\/\/www.villabelvederehotel.it\/wp-content\/uploads\/2025\/01\/park-hotel-villa-belvedere-cannobio-2-300x300.jpg 300w, https:\/\/www.villabelvederehotel.it\/wp-content\/uploads\/2025\/01\/park-hotel-villa-belvedere-cannobio-2-100x100.jpg 100w\" sizes=\"(max-width: 650px) 100vw, 650px\" \/>\t\t\t\t\t<\/a>\n\t\t\t<\/div>\n<\/div>\n<div class=\"qodef-e qodef-image-wrapper qodef-grid-item qodef-item--square\">\n\t<div class=\"qodef-e-inner\">\n\t\t\t\t\t<a class=\"qodef-popup-item\" itemprop=\"image\" href=\"https:\/\/www.villabelvederehotel.it\/wp-content\/uploads\/2025\/01\/park-hotel-villa-belvedere-cannobio-1.jpg\" data-type=\"image\" data-fslightbox=\"gallery-1\">\n\t\t\t\t\t<img loading=\"lazy\" decoding=\"async\" width=\"650\" height=\"650\" src=\"https:\/\/www.villabelvederehotel.it\/wp-content\/uploads\/2025\/01\/park-hotel-villa-belvedere-cannobio-1-650x650.jpg\" class=\"attachment-qi_addons_for_elementor_image_size_square size-qi_addons_for_elementor_image_size_square\" alt=\"Ingresso Park Hotel Villa Belvedere Cannobio\" srcset=\"https:\/\/www.villabelvederehotel.it\/wp-content\/uploads\/2025\/01\/park-hotel-villa-belvedere-cannobio-1-650x650.jpg 650w, https:\/\/www.villabelvederehotel.it\/wp-content\/uploads\/2025\/01\/park-hotel-villa-belvedere-cannobio-1-150x150.jpg 150w, https:\/\/www.villabelvederehotel.it\/wp-content\/uploads\/2025\/01\/park-hotel-villa-belvedere-cannobio-1-300x300.jpg 300w, https:\/\/www.villabelvederehotel.it\/wp-content\/uploads\/2025\/01\/park-hotel-villa-belvedere-cannobio-1-100x100.jpg 100w\" sizes=\"(max-width: 650px) 100vw, 650px\" \/>\t\t\t\t\t<\/a>\n\t\t\t<\/div>\n<\/div>\n<div class=\"qodef-e qodef-image-wrapper qodef-grid-item qodef-item--square\">\n\t<div class=\"qodef-e-inner\">\n\t\t\t\t\t<a class=\"qodef-popup-item\" itemprop=\"image\" href=\"https:\/\/www.villabelvederehotel.it\/wp-content\/uploads\/2025\/08\/park-hotel-villa-belvedere-villa-4.jpg\" data-type=\"image\" data-fslightbox=\"gallery-1\">\n\t\t\t\t\t<img loading=\"lazy\" decoding=\"async\" width=\"650\" height=\"650\" src=\"https:\/\/www.villabelvederehotel.it\/wp-content\/uploads\/2025\/08\/park-hotel-villa-belvedere-villa-4-650x650.jpg\" class=\"attachment-qi_addons_for_elementor_image_size_square size-qi_addons_for_elementor_image_size_square\" alt=\"\" srcset=\"https:\/\/www.villabelvederehotel.it\/wp-content\/uploads\/2025\/08\/park-hotel-villa-belvedere-villa-4-650x650.jpg 650w, https:\/\/www.villabelvederehotel.it\/wp-content\/uploads\/2025\/08\/park-hotel-villa-belvedere-villa-4-150x150.jpg 150w\" sizes=\"(max-width: 650px) 100vw, 650px\" \/>\t\t\t\t\t<\/a>\n\t\t\t<\/div>\n<\/div>\n<div class=\"qodef-e qodef-image-wrapper qodef-grid-item qodef-item--square\">\n\t<div class=\"qodef-e-inner\">\n\t\t\t\t\t<a class=\"qodef-popup-item\" itemprop=\"image\" href=\"https:\/\/www.villabelvederehotel.it\/wp-content\/uploads\/2025\/01\/villa-park-hotel-villa-belvedere-cannobio-3.jpg\" data-type=\"image\" data-fslightbox=\"gallery-1\">\n\t\t\t\t\t<img loading=\"lazy\" decoding=\"async\" width=\"650\" height=\"650\" src=\"https:\/\/www.villabelvederehotel.it\/wp-content\/uploads\/2025\/01\/villa-park-hotel-villa-belvedere-cannobio-3-650x650.jpg\" class=\"attachment-qi_addons_for_elementor_image_size_square size-qi_addons_for_elementor_image_size_square\" alt=\"La villa del Park Hotel Villa Belvedere Cannobio\" srcset=\"https:\/\/www.villabelvederehotel.it\/wp-content\/uploads\/2025\/01\/villa-park-hotel-villa-belvedere-cannobio-3-650x650.jpg 650w, https:\/\/www.villabelvederehotel.it\/wp-content\/uploads\/2025\/01\/villa-park-hotel-villa-belvedere-cannobio-3-150x150.jpg 150w, https:\/\/www.villabelvederehotel.it\/wp-content\/uploads\/2025\/01\/villa-park-hotel-villa-belvedere-cannobio-3-300x300.jpg 300w, https:\/\/www.villabelvederehotel.it\/wp-content\/uploads\/2025\/01\/villa-park-hotel-villa-belvedere-cannobio-3-100x100.jpg 100w\" sizes=\"(max-width: 650px) 100vw, 650px\" \/>\t\t\t\t\t<\/a>\n\t\t\t<\/div>\n<\/div>\n<div class=\"qodef-e qodef-image-wrapper qodef-grid-item qodef-item--portrait\">\n\t<div class=\"qodef-e-inner\">\n\t\t\t\t\t<a class=\"qodef-popup-item\" itemprop=\"image\" href=\"https:\/\/www.villabelvederehotel.it\/wp-content\/uploads\/2025\/08\/park-hotel-villa-belvedere-villa-3.jpg\" data-type=\"image\" data-fslightbox=\"gallery-1\">\n\t\t\t\t\t<img loading=\"lazy\" decoding=\"async\" width=\"650\" height=\"1199\" src=\"https:\/\/www.villabelvederehotel.it\/wp-content\/uploads\/2025\/08\/park-hotel-villa-belvedere-villa-3-650x1199.jpg\" class=\"attachment-qi_addons_for_elementor_image_size_portrait size-qi_addons_for_elementor_image_size_portrait\" alt=\"\" \/>\t\t\t\t\t<\/a>\n\t\t\t<\/div>\n<\/div>\n<div class=\"qodef-e qodef-image-wrapper qodef-grid-item qodef-item--square\">\n\t<div class=\"qodef-e-inner\">\n\t\t\t\t\t<a class=\"qodef-popup-item\" itemprop=\"image\" href=\"https:\/\/www.villabelvederehotel.it\/wp-content\/uploads\/2025\/01\/park-hotel-villa-belvedere-cannobio-7.jpg\" data-type=\"image\" data-fslightbox=\"gallery-1\">\n\t\t\t\t\t<img loading=\"lazy\" decoding=\"async\" width=\"650\" height=\"641\" src=\"https:\/\/www.villabelvederehotel.it\/wp-content\/uploads\/2025\/01\/park-hotel-villa-belvedere-cannobio-7-650x641.jpg\" class=\"attachment-qi_addons_for_elementor_image_size_square size-qi_addons_for_elementor_image_size_square\" alt=\"Sala colazione Park Hotel Villa Belvedere Cannobio\" srcset=\"https:\/\/www.villabelvederehotel.it\/wp-content\/uploads\/2025\/01\/park-hotel-villa-belvedere-cannobio-7-650x641.jpg 650w, https:\/\/www.villabelvederehotel.it\/wp-content\/uploads\/2025\/01\/park-hotel-villa-belvedere-cannobio-7-100x100.jpg 100w\" sizes=\"(max-width: 650px) 100vw, 650px\" \/>\t\t\t\t\t<\/a>\n\t\t\t<\/div>\n<\/div>\n<div class=\"qodef-e qodef-image-wrapper qodef-grid-item qodef-item--square\">\n\t<div class=\"qodef-e-inner\">\n\t\t\t\t\t<a class=\"qodef-popup-item\" itemprop=\"image\" href=\"https:\/\/www.villabelvederehotel.it\/wp-content\/uploads\/2025\/08\/park-hotel-villa-belvedere-villa-2.jpg\" data-type=\"image\" data-fslightbox=\"gallery-1\">\n\t\t\t\t\t<img loading=\"lazy\" decoding=\"async\" width=\"650\" height=\"650\" src=\"https:\/\/www.villabelvederehotel.it\/wp-content\/uploads\/2025\/08\/park-hotel-villa-belvedere-villa-2-650x650.jpg\" class=\"attachment-qi_addons_for_elementor_image_size_square size-qi_addons_for_elementor_image_size_square\" alt=\"\" srcset=\"https:\/\/www.villabelvederehotel.it\/wp-content\/uploads\/2025\/08\/park-hotel-villa-belvedere-villa-2-650x650.jpg 650w, https:\/\/www.villabelvederehotel.it\/wp-content\/uploads\/2025\/08\/park-hotel-villa-belvedere-villa-2-150x150.jpg 150w\" sizes=\"(max-width: 650px) 100vw, 650px\" \/>\t\t\t\t\t<\/a>\n\t\t\t<\/div>\n<\/div>\n\t<\/div>\n<\/div>\n\t\t\t\t<\/div>\n\t\t\t\t<\/div>\n\t\t\t\t\t<\/div>\n\t\t<\/div>\n\t\t\t\t\t<\/div>\n\t\t<\/section>\n\t\t\t\t<\/div>\n\t\t","protected":false},"excerpt":{"rendered":"<p>Une fen\u00eatre sur le parc Le petit-d\u00e9jeuner, avec un buffet riche et vari\u00e9, est servi dans la Villa, dans une belle v\u00e9randa qui donne directement sur le parc, avec de magnifiques citronniers en pot. Lors des journ\u00e9es d&rsquo;\u00e9t\u00e9, le service est \u00e9galement propos\u00e9 dans le jardin, \u00e0 l&rsquo;ombre d&rsquo;une pergola.Pour le d\u00e9jeuner, un service de [&hellip;]<\/p>\n","protected":false},"author":1,"featured_media":0,"parent":19690,"menu_order":0,"comment_status":"closed","ping_status":"closed","template":"page-full-width.php","meta":{"footnotes":""},"class_list":["post-19681","page","type-page","status-publish","hentry"],"yoast_head":"<!-- This site is optimized with the Yoast SEO plugin v26.3 - https:\/\/yoast.com\/wordpress\/plugins\/seo\/ -->\n<title>La Villa de l\u2019Hotel Villa Belvedere \u00e0 Cannobio<\/title>\n<meta name=\"description\" content=\"Avec une belle v\u00e9randa directement sur le parc, on peut faire la petit d\u00e9jeuner ou diner, ou simplement se relaxer dans la salle TV. Disponible le Wi-Fi gratuit.\" \/>\n<meta name=\"robots\" content=\"index, follow, max-snippet:-1, max-image-preview:large, max-video-preview:-1\" \/>\n<link rel=\"canonical\" href=\"https:\/\/www.villabelvederehotel.it\/fr\/hotel\/villa\/\" \/>\n<meta property=\"og:locale\" content=\"fr_FR\" \/>\n<meta property=\"og:type\" content=\"article\" \/>\n<meta property=\"og:title\" content=\"La Villa de l\u2019Hotel Villa Belvedere \u00e0 Cannobio\" \/>\n<meta property=\"og:description\" content=\"Avec une belle v\u00e9randa directement sur le parc, on peut faire la petit d\u00e9jeuner ou diner, ou simplement se relaxer dans la salle TV. Disponible le Wi-Fi gratuit.\" \/>\n<meta property=\"og:url\" content=\"https:\/\/www.villabelvederehotel.it\/fr\/hotel\/villa\/\" \/>\n<meta property=\"og:site_name\" content=\"Park Hotel Villa Belvedere a Cannobio\" \/>\n<meta property=\"article:publisher\" content=\"https:\/\/www.facebook.com\/villabelvederehotel\/\" \/>\n<meta property=\"article:modified_time\" content=\"2025-08-06T16:18:31+00:00\" \/>\n<meta property=\"og:image\" content=\"https:\/\/www.villabelvederehotel.it\/wp-content\/uploads\/2025\/01\/park-hotel-villa-belvedere-cannobio-4-650x1300.jpg\" \/>\n<meta name=\"twitter:label1\" content=\"Dur\u00e9e de lecture estim\u00e9e\" \/>\n\t<meta name=\"twitter:data1\" content=\"1 minute\" \/>\n<script type=\"application\/ld+json\" class=\"yoast-schema-graph\">{\"@context\":\"https:\/\/schema.org\",\"@graph\":[{\"@type\":\"WebPage\",\"@id\":\"https:\/\/www.villabelvederehotel.it\/fr\/hotel\/villa\/\",\"url\":\"https:\/\/www.villabelvederehotel.it\/fr\/hotel\/villa\/\",\"name\":\"La Villa de l\u2019Hotel Villa Belvedere \u00e0 Cannobio\",\"isPartOf\":{\"@id\":\"https:\/\/www.villabelvederehotel.it\/fr\/#website\"},\"primaryImageOfPage\":{\"@id\":\"https:\/\/www.villabelvederehotel.it\/fr\/hotel\/villa\/#primaryimage\"},\"image\":{\"@id\":\"https:\/\/www.villabelvederehotel.it\/fr\/hotel\/villa\/#primaryimage\"},\"thumbnailUrl\":\"https:\/\/www.villabelvederehotel.it\/wp-content\/uploads\/2025\/01\/park-hotel-villa-belvedere-cannobio-4-650x1300.jpg\",\"datePublished\":\"2025-01-16T09:26:24+00:00\",\"dateModified\":\"2025-08-06T16:18:31+00:00\",\"description\":\"Avec une belle v\u00e9randa directement sur le parc, on peut faire la petit d\u00e9jeuner ou diner, ou simplement se relaxer dans la salle TV. Disponible le Wi-Fi gratuit.\",\"breadcrumb\":{\"@id\":\"https:\/\/www.villabelvederehotel.it\/fr\/hotel\/villa\/#breadcrumb\"},\"inLanguage\":\"fr-FR\",\"potentialAction\":[{\"@type\":\"ReadAction\",\"target\":[\"https:\/\/www.villabelvederehotel.it\/fr\/hotel\/villa\/\"]}]},{\"@type\":\"ImageObject\",\"inLanguage\":\"fr-FR\",\"@id\":\"https:\/\/www.villabelvederehotel.it\/fr\/hotel\/villa\/#primaryimage\",\"url\":\"https:\/\/www.villabelvederehotel.it\/wp-content\/uploads\/2025\/01\/park-hotel-villa-belvedere-cannobio-4-650x1300.jpg\",\"contentUrl\":\"https:\/\/www.villabelvederehotel.it\/wp-content\/uploads\/2025\/01\/park-hotel-villa-belvedere-cannobio-4-650x1300.jpg\"},{\"@type\":\"BreadcrumbList\",\"@id\":\"https:\/\/www.villabelvederehotel.it\/fr\/hotel\/villa\/#breadcrumb\",\"itemListElement\":[{\"@type\":\"ListItem\",\"position\":1,\"name\":\"Home\",\"item\":\"https:\/\/www.villabelvederehotel.it\/fr\/\"},{\"@type\":\"ListItem\",\"position\":2,\"name\":\"Hotel\",\"item\":\"https:\/\/www.villabelvederehotel.it\/fr\/hotel\/\"},{\"@type\":\"ListItem\",\"position\":3,\"name\":\"Villa\"}]},{\"@type\":\"WebSite\",\"@id\":\"https:\/\/www.villabelvederehotel.it\/fr\/#website\",\"url\":\"https:\/\/www.villabelvederehotel.it\/fr\/\",\"name\":\"Villa Belvedere\",\"description\":\"\",\"publisher\":{\"@id\":\"https:\/\/www.villabelvederehotel.it\/fr\/#organization\"},\"potentialAction\":[{\"@type\":\"SearchAction\",\"target\":{\"@type\":\"EntryPoint\",\"urlTemplate\":\"https:\/\/www.villabelvederehotel.it\/fr\/?s={search_term_string}\"},\"query-input\":{\"@type\":\"PropertyValueSpecification\",\"valueRequired\":true,\"valueName\":\"search_term_string\"}}],\"inLanguage\":\"fr-FR\"},{\"@type\":\"Organization\",\"@id\":\"https:\/\/www.villabelvederehotel.it\/fr\/#organization\",\"name\":\"Villa Belvedere\",\"url\":\"https:\/\/www.villabelvederehotel.it\/fr\/\",\"logo\":{\"@type\":\"ImageObject\",\"inLanguage\":\"fr-FR\",\"@id\":\"https:\/\/www.villabelvederehotel.it\/fr\/#\/schema\/logo\/image\/\",\"url\":\"http:\/\/test.villabelvederehotel.it\/wp-content\/uploads\/2025\/03\/logo-villabelvedere-verde.png\",\"contentUrl\":\"http:\/\/test.villabelvederehotel.it\/wp-content\/uploads\/2025\/03\/logo-villabelvedere-verde.png\",\"width\":967,\"height\":506,\"caption\":\"Villa Belvedere\"},\"image\":{\"@id\":\"https:\/\/www.villabelvederehotel.it\/fr\/#\/schema\/logo\/image\/\"},\"sameAs\":[\"https:\/\/www.facebook.com\/villabelvederehotel\/\",\"https:\/\/www.instagram.com\/parkhotelvillabelvedere\/\"]}]}<\/script>\n<!-- \/ Yoast SEO plugin. -->","yoast_head_json":{"title":"La Villa de l\u2019Hotel Villa Belvedere \u00e0 Cannobio","description":"Avec une belle v\u00e9randa directement sur le parc, on peut faire la petit d\u00e9jeuner ou diner, ou simplement se relaxer dans la salle TV. Disponible le Wi-Fi gratuit.","robots":{"index":"index","follow":"follow","max-snippet":"max-snippet:-1","max-image-preview":"max-image-preview:large","max-video-preview":"max-video-preview:-1"},"canonical":"https:\/\/www.villabelvederehotel.it\/fr\/hotel\/villa\/","og_locale":"fr_FR","og_type":"article","og_title":"La Villa de l\u2019Hotel Villa Belvedere \u00e0 Cannobio","og_description":"Avec une belle v\u00e9randa directement sur le parc, on peut faire la petit d\u00e9jeuner ou diner, ou simplement se relaxer dans la salle TV. Disponible le Wi-Fi gratuit.","og_url":"https:\/\/www.villabelvederehotel.it\/fr\/hotel\/villa\/","og_site_name":"Park Hotel Villa Belvedere a Cannobio","article_publisher":"https:\/\/www.facebook.com\/villabelvederehotel\/","article_modified_time":"2025-08-06T16:18:31+00:00","og_image":[{"url":"https:\/\/www.villabelvederehotel.it\/wp-content\/uploads\/2025\/01\/park-hotel-villa-belvedere-cannobio-4-650x1300.jpg","type":"","width":"","height":""}],"twitter_misc":{"Dur\u00e9e de lecture estim\u00e9e":"1 minute"},"schema":{"@context":"https:\/\/schema.org","@graph":[{"@type":"WebPage","@id":"https:\/\/www.villabelvederehotel.it\/fr\/hotel\/villa\/","url":"https:\/\/www.villabelvederehotel.it\/fr\/hotel\/villa\/","name":"La Villa de l\u2019Hotel Villa Belvedere \u00e0 Cannobio","isPartOf":{"@id":"https:\/\/www.villabelvederehotel.it\/fr\/#website"},"primaryImageOfPage":{"@id":"https:\/\/www.villabelvederehotel.it\/fr\/hotel\/villa\/#primaryimage"},"image":{"@id":"https:\/\/www.villabelvederehotel.it\/fr\/hotel\/villa\/#primaryimage"},"thumbnailUrl":"https:\/\/www.villabelvederehotel.it\/wp-content\/uploads\/2025\/01\/park-hotel-villa-belvedere-cannobio-4-650x1300.jpg","datePublished":"2025-01-16T09:26:24+00:00","dateModified":"2025-08-06T16:18:31+00:00","description":"Avec une belle v\u00e9randa directement sur le parc, on peut faire la petit d\u00e9jeuner ou diner, ou simplement se relaxer dans la salle TV. Disponible le Wi-Fi gratuit.","breadcrumb":{"@id":"https:\/\/www.villabelvederehotel.it\/fr\/hotel\/villa\/#breadcrumb"},"inLanguage":"fr-FR","potentialAction":[{"@type":"ReadAction","target":["https:\/\/www.villabelvederehotel.it\/fr\/hotel\/villa\/"]}]},{"@type":"ImageObject","inLanguage":"fr-FR","@id":"https:\/\/www.villabelvederehotel.it\/fr\/hotel\/villa\/#primaryimage","url":"https:\/\/www.villabelvederehotel.it\/wp-content\/uploads\/2025\/01\/park-hotel-villa-belvedere-cannobio-4-650x1300.jpg","contentUrl":"https:\/\/www.villabelvederehotel.it\/wp-content\/uploads\/2025\/01\/park-hotel-villa-belvedere-cannobio-4-650x1300.jpg"},{"@type":"BreadcrumbList","@id":"https:\/\/www.villabelvederehotel.it\/fr\/hotel\/villa\/#breadcrumb","itemListElement":[{"@type":"ListItem","position":1,"name":"Home","item":"https:\/\/www.villabelvederehotel.it\/fr\/"},{"@type":"ListItem","position":2,"name":"Hotel","item":"https:\/\/www.villabelvederehotel.it\/fr\/hotel\/"},{"@type":"ListItem","position":3,"name":"Villa"}]},{"@type":"WebSite","@id":"https:\/\/www.villabelvederehotel.it\/fr\/#website","url":"https:\/\/www.villabelvederehotel.it\/fr\/","name":"Villa Belvedere","description":"","publisher":{"@id":"https:\/\/www.villabelvederehotel.it\/fr\/#organization"},"potentialAction":[{"@type":"SearchAction","target":{"@type":"EntryPoint","urlTemplate":"https:\/\/www.villabelvederehotel.it\/fr\/?s={search_term_string}"},"query-input":{"@type":"PropertyValueSpecification","valueRequired":true,"valueName":"search_term_string"}}],"inLanguage":"fr-FR"},{"@type":"Organization","@id":"https:\/\/www.villabelvederehotel.it\/fr\/#organization","name":"Villa Belvedere","url":"https:\/\/www.villabelvederehotel.it\/fr\/","logo":{"@type":"ImageObject","inLanguage":"fr-FR","@id":"https:\/\/www.villabelvederehotel.it\/fr\/#\/schema\/logo\/image\/","url":"http:\/\/test.villabelvederehotel.it\/wp-content\/uploads\/2025\/03\/logo-villabelvedere-verde.png","contentUrl":"http:\/\/test.villabelvederehotel.it\/wp-content\/uploads\/2025\/03\/logo-villabelvedere-verde.png","width":967,"height":506,"caption":"Villa Belvedere"},"image":{"@id":"https:\/\/www.villabelvederehotel.it\/fr\/#\/schema\/logo\/image\/"},"sameAs":["https:\/\/www.facebook.com\/villabelvederehotel\/","https:\/\/www.instagram.com\/parkhotelvillabelvedere\/"]}]}},"_links":{"self":[{"href":"https:\/\/www.villabelvederehotel.it\/fr\/wp-json\/wp\/v2\/pages\/19681","targetHints":{"allow":["GET"]}}],"collection":[{"href":"https:\/\/www.villabelvederehotel.it\/fr\/wp-json\/wp\/v2\/pages"}],"about":[{"href":"https:\/\/www.villabelvederehotel.it\/fr\/wp-json\/wp\/v2\/types\/page"}],"author":[{"embeddable":true,"href":"https:\/\/www.villabelvederehotel.it\/fr\/wp-json\/wp\/v2\/users\/1"}],"replies":[{"embeddable":true,"href":"https:\/\/www.villabelvederehotel.it\/fr\/wp-json\/wp\/v2\/comments?post=19681"}],"version-history":[{"count":0,"href":"https:\/\/www.villabelvederehotel.it\/fr\/wp-json\/wp\/v2\/pages\/19681\/revisions"}],"up":[{"embeddable":true,"href":"https:\/\/www.villabelvederehotel.it\/fr\/wp-json\/wp\/v2\/pages\/19690"}],"wp:attachment":[{"href":"https:\/\/www.villabelvederehotel.it\/fr\/wp-json\/wp\/v2\/media?parent=19681"}],"curies":[{"name":"wp","href":"https:\/\/api.w.org\/{rel}","templated":true}]}}