{"id":19675,"date":"2025-01-16T11:46:06","date_gmt":"2025-01-16T10:46:06","guid":{"rendered":"http:\/\/test.villabelvederehotel.it\/parco\/"},"modified":"2025-03-13T18:51:28","modified_gmt":"2025-03-13T17:51:28","slug":"parc","status":"publish","type":"page","link":"https:\/\/www.villabelvederehotel.it\/fr\/parc\/","title":{"rendered":"Parc"},"content":{"rendered":"\t\t<div data-elementor-type=\"wp-page\" data-elementor-id=\"19675\" class=\"elementor elementor-19675 elementor-17660\">\n\t\t\t\t\t\t<section class=\"elementor-section elementor-top-section elementor-element elementor-element-7093f4d elementor-section-boxed elementor-section-height-default elementor-section-height-default qodef-elementor-content-no\" data-id=\"7093f4d\" data-element_type=\"section\">\n\t\t\t\t\t\t<div class=\"elementor-container elementor-column-gap-default\">\n\t\t\t\t\t<div class=\"elementor-column elementor-col-100 elementor-top-column elementor-element elementor-element-c710fcc\" data-id=\"c710fcc\" data-element_type=\"column\">\n\t\t\t<div class=\"elementor-widget-wrap elementor-element-populated\">\n\t\t\t\t\t\t<div class=\"elementor-element elementor-element-ed5a3eb elementor-widget elementor-widget-reina_core_section_title\" data-id=\"ed5a3eb\" data-element_type=\"widget\" data-widget_type=\"reina_core_section_title.default\">\n\t\t\t\t<div class=\"elementor-widget-container\">\n\t\t\t\t\t<div class=\"qodef-shortcode qodef-m  qodef-section-title  \">\n\t<div class=\"qodef-m-heading\">\n\t\t\t\t\t<h1 class=\"qodef-m-title\" >\n\t\t\t\t\tVerdure, d\u00e9tente et jardin zen !\t\t\t<\/h1>\n\t<\/div>\n\t\t<\/div>\t\t\t\t<\/div>\n\t\t\t\t<\/div>\n\t\t\t\t<div class=\"elementor-element elementor-element-2313bb3 elementor-widget elementor-widget-text-editor\" data-id=\"2313bb3\" data-element_type=\"widget\" data-widget_type=\"text-editor.default\">\n\t\t\t\t<div class=\"elementor-widget-container\">\n\t\t\t\t\t\t\t\t\t<p>Le grand parc, soigneusement entretenu et riche en plantes et fleurs typiques de notre r\u00e9gion qui fleurissent tout au long de la saison, avec des hamacs, des chaises longues et des bancs, est l&rsquo;endroit id\u00e9al pour r\u00e9g\u00e9n\u00e9rer le corps et l&rsquo;esprit : une v\u00e9ritable pause de d\u00e9tente en pleine nature.<br \/>Entour\u00e9 par le silence d&rsquo;une atmosph\u00e8re magique immerg\u00e9e dans le vert, loin du stress de la vie quotidienne.<br \/>Dans le parc, un petit jardin zen a \u00e9t\u00e9 am\u00e9nag\u00e9, repr\u00e9sentant les principales caract\u00e9ristiques naturelles de notre r\u00e9gion : la vall\u00e9e de Cannobina avec ses montagnes Limidario et Laurasca, d&rsquo;o\u00f9 prend sa source le torrent Cannobino qui descend dans la vall\u00e9e et arrive au lac, marqu\u00e9 par les ruines des ch\u00e2teaux Borrom\u00e9e. Dans cette petite oasis de paix, vous pourrez fa\u00e7onner votre propre jardin zen pr\u00e9f\u00e9r\u00e9 !<\/p>\t\t\t\t\t\t\t\t<\/div>\n\t\t\t\t<\/div>\n\t\t\t\t\t<\/div>\n\t\t<\/div>\n\t\t\t\t\t<\/div>\n\t\t<\/section>\n\t\t\t\t<section class=\"elementor-section elementor-top-section elementor-element elementor-element-c100a0e elementor-section-boxed elementor-section-height-default elementor-section-height-default qodef-elementor-content-no\" data-id=\"c100a0e\" data-element_type=\"section\">\n\t\t\t\t\t\t<div class=\"elementor-container elementor-column-gap-default\">\n\t\t\t\t\t<div class=\"elementor-column elementor-col-100 elementor-top-column elementor-element elementor-element-da96b57\" data-id=\"da96b57\" data-element_type=\"column\">\n\t\t\t<div class=\"elementor-widget-wrap elementor-element-populated\">\n\t\t\t\t\t\t<div class=\"elementor-element elementor-element-ff94694 elementor-widget elementor-widget-qi_addons_for_elementor_image_gallery_masonry\" data-id=\"ff94694\" data-element_type=\"widget\" data-widget_type=\"qi_addons_for_elementor_image_gallery_masonry.default\">\n\t\t\t\t<div class=\"elementor-widget-container\">\n\t\t\t\t\t<div class=\"qodef-shortcode qodef-m qodef-qi-image-gallery-masonry qodef-qi-fslightbox-popup qodef-popup-gallery qodef-image--hover-zoom qodef-qi-grid qodef-layout--qi-masonry qodef-items--fixed qodef-col-num--3 qodef-responsive--predefined\">\n\t<div class=\"qodef-grid-inner\">\n\t\t\t<div class=\"qodef-qi-grid-masonry-sizer\"><\/div>\n<div class=\"qodef-e qodef-image-wrapper qodef-grid-item qodef-item--portrait\">\n\t<div class=\"qodef-e-inner\">\n\t\t\t\t\t<a class=\"qodef-popup-item\" itemprop=\"image\" href=\"https:\/\/www.villabelvederehotel.it\/wp-content\/uploads\/2025\/01\/park-hotel-villa-belvedere-cannobio-20.jpg\" data-type=\"image\" data-fslightbox=\"gallery-1\">\n\t\t\t\t\t<img fetchpriority=\"high\" decoding=\"async\" width=\"650\" height=\"893\" src=\"https:\/\/www.villabelvederehotel.it\/wp-content\/uploads\/2025\/01\/park-hotel-villa-belvedere-cannobio-20-650x893.jpg\" class=\"attachment-qi_addons_for_elementor_image_size_portrait size-qi_addons_for_elementor_image_size_portrait\" alt=\"I giardini del Park Hotel Villa Belvedere Cannobio\" \/>\t\t\t\t\t<\/a>\n\t\t\t<\/div>\n<\/div>\n<div class=\"qodef-e qodef-image-wrapper qodef-grid-item qodef-item--square\">\n\t<div class=\"qodef-e-inner\">\n\t\t\t\t\t<a class=\"qodef-popup-item\" itemprop=\"image\" href=\"https:\/\/www.villabelvederehotel.it\/wp-content\/uploads\/2025\/01\/park-hotel-villa-belvedere-cannobio-16.jpg\" data-type=\"image\" data-fslightbox=\"gallery-1\">\n\t\t\t\t\t<img decoding=\"async\" width=\"650\" height=\"650\" src=\"https:\/\/www.villabelvederehotel.it\/wp-content\/uploads\/2025\/01\/park-hotel-villa-belvedere-cannobio-16-650x650.jpg\" class=\"attachment-qi_addons_for_elementor_image_size_square size-qi_addons_for_elementor_image_size_square\" alt=\"I giardini del Park Hotel Villa Belvedere Cannobio\" srcset=\"https:\/\/www.villabelvederehotel.it\/wp-content\/uploads\/2025\/01\/park-hotel-villa-belvedere-cannobio-16-650x650.jpg 650w, https:\/\/www.villabelvederehotel.it\/wp-content\/uploads\/2025\/01\/park-hotel-villa-belvedere-cannobio-16-150x150.jpg 150w, https:\/\/www.villabelvederehotel.it\/wp-content\/uploads\/2025\/01\/park-hotel-villa-belvedere-cannobio-16-300x300.jpg 300w, https:\/\/www.villabelvederehotel.it\/wp-content\/uploads\/2025\/01\/park-hotel-villa-belvedere-cannobio-16-100x100.jpg 100w\" sizes=\"(max-width: 650px) 100vw, 650px\" \/>\t\t\t\t\t<\/a>\n\t\t\t<\/div>\n<\/div>\n<div class=\"qodef-e qodef-image-wrapper qodef-grid-item qodef-item--square\">\n\t<div class=\"qodef-e-inner\">\n\t\t\t\t\t<a class=\"qodef-popup-item\" itemprop=\"image\" href=\"https:\/\/www.villabelvederehotel.it\/wp-content\/uploads\/2025\/01\/park-hotel-villa-belvedere-cannobio-15.jpg\" data-type=\"image\" data-fslightbox=\"gallery-1\">\n\t\t\t\t\t<img decoding=\"async\" width=\"650\" height=\"650\" src=\"https:\/\/www.villabelvederehotel.it\/wp-content\/uploads\/2025\/01\/park-hotel-villa-belvedere-cannobio-15-650x650.jpg\" class=\"attachment-qi_addons_for_elementor_image_size_square size-qi_addons_for_elementor_image_size_square\" alt=\"Ingresso Park Hotel Villa Belvedere Cannobio\" srcset=\"https:\/\/www.villabelvederehotel.it\/wp-content\/uploads\/2025\/01\/park-hotel-villa-belvedere-cannobio-15-650x650.jpg 650w, https:\/\/www.villabelvederehotel.it\/wp-content\/uploads\/2025\/01\/park-hotel-villa-belvedere-cannobio-15-150x150.jpg 150w, https:\/\/www.villabelvederehotel.it\/wp-content\/uploads\/2025\/01\/park-hotel-villa-belvedere-cannobio-15-300x300.jpg 300w, https:\/\/www.villabelvederehotel.it\/wp-content\/uploads\/2025\/01\/park-hotel-villa-belvedere-cannobio-15-100x100.jpg 100w\" sizes=\"(max-width: 650px) 100vw, 650px\" \/>\t\t\t\t\t<\/a>\n\t\t\t<\/div>\n<\/div>\n<div class=\"qodef-e qodef-image-wrapper qodef-grid-item qodef-item--landscape\">\n\t<div class=\"qodef-e-inner\">\n\t\t\t\t\t<a class=\"qodef-popup-item\" itemprop=\"image\" href=\"https:\/\/www.villabelvederehotel.it\/wp-content\/uploads\/2025\/01\/park-hotel-villa-belvedere-cannobio-3-1.jpg\" data-type=\"image\" data-fslightbox=\"gallery-1\">\n\t\t\t\t\t<img loading=\"lazy\" decoding=\"async\" width=\"1300\" height=\"650\" src=\"https:\/\/www.villabelvederehotel.it\/wp-content\/uploads\/2025\/01\/park-hotel-villa-belvedere-cannobio-3-1-1300x650.jpg\" class=\"attachment-qi_addons_for_elementor_image_size_landscape size-qi_addons_for_elementor_image_size_landscape\" alt=\"I giardini del Park Hotel Villa Belvedere Cannobio\" \/>\t\t\t\t\t<\/a>\n\t\t\t<\/div>\n<\/div>\n<div class=\"qodef-e qodef-image-wrapper qodef-grid-item qodef-item--square\">\n\t<div class=\"qodef-e-inner\">\n\t\t\t\t\t<a class=\"qodef-popup-item\" itemprop=\"image\" href=\"https:\/\/www.villabelvederehotel.it\/wp-content\/uploads\/2025\/01\/park-hotel-villa-belvedere-cannobio-13.jpg\" data-type=\"image\" data-fslightbox=\"gallery-1\">\n\t\t\t\t\t<img loading=\"lazy\" decoding=\"async\" width=\"650\" height=\"650\" src=\"https:\/\/www.villabelvederehotel.it\/wp-content\/uploads\/2025\/01\/park-hotel-villa-belvedere-cannobio-13-650x650.jpg\" class=\"attachment-qi_addons_for_elementor_image_size_square size-qi_addons_for_elementor_image_size_square\" alt=\"I giardini del Park Hotel Villa Belvedere Cannobio\" srcset=\"https:\/\/www.villabelvederehotel.it\/wp-content\/uploads\/2025\/01\/park-hotel-villa-belvedere-cannobio-13-650x650.jpg 650w, https:\/\/www.villabelvederehotel.it\/wp-content\/uploads\/2025\/01\/park-hotel-villa-belvedere-cannobio-13-150x150.jpg 150w, https:\/\/www.villabelvederehotel.it\/wp-content\/uploads\/2025\/01\/park-hotel-villa-belvedere-cannobio-13-300x300.jpg 300w, https:\/\/www.villabelvederehotel.it\/wp-content\/uploads\/2025\/01\/park-hotel-villa-belvedere-cannobio-13-100x100.jpg 100w\" sizes=\"(max-width: 650px) 100vw, 650px\" \/>\t\t\t\t\t<\/a>\n\t\t\t<\/div>\n<\/div>\n<div class=\"qodef-e qodef-image-wrapper qodef-grid-item qodef-item--square\">\n\t<div class=\"qodef-e-inner\">\n\t\t\t\t\t<a class=\"qodef-popup-item\" itemprop=\"image\" href=\"https:\/\/www.villabelvederehotel.it\/wp-content\/uploads\/2025\/01\/park-hotel-villa-belvedere-cannobio-6.jpg\" data-type=\"image\" data-fslightbox=\"gallery-1\">\n\t\t\t\t\t<img loading=\"lazy\" decoding=\"async\" width=\"650\" height=\"650\" src=\"https:\/\/www.villabelvederehotel.it\/wp-content\/uploads\/2025\/01\/park-hotel-villa-belvedere-cannobio-6-650x650.jpg\" class=\"attachment-qi_addons_for_elementor_image_size_square size-qi_addons_for_elementor_image_size_square\" alt=\"I giardini del Park Hotel Villa Belvedere Cannobio\" srcset=\"https:\/\/www.villabelvederehotel.it\/wp-content\/uploads\/2025\/01\/park-hotel-villa-belvedere-cannobio-6-650x650.jpg 650w, https:\/\/www.villabelvederehotel.it\/wp-content\/uploads\/2025\/01\/park-hotel-villa-belvedere-cannobio-6-150x150.jpg 150w, https:\/\/www.villabelvederehotel.it\/wp-content\/uploads\/2025\/01\/park-hotel-villa-belvedere-cannobio-6-300x300.jpg 300w, https:\/\/www.villabelvederehotel.it\/wp-content\/uploads\/2025\/01\/park-hotel-villa-belvedere-cannobio-6-100x100.jpg 100w\" sizes=\"(max-width: 650px) 100vw, 650px\" \/>\t\t\t\t\t<\/a>\n\t\t\t<\/div>\n<\/div>\n<div class=\"qodef-e qodef-image-wrapper qodef-grid-item qodef-item--square\">\n\t<div class=\"qodef-e-inner\">\n\t\t\t\t\t<a class=\"qodef-popup-item\" itemprop=\"image\" href=\"https:\/\/www.villabelvederehotel.it\/wp-content\/uploads\/2025\/01\/park-hotel-villa-belvedere-cannobio-10.jpg\" data-type=\"image\" data-fslightbox=\"gallery-1\">\n\t\t\t\t\t<img loading=\"lazy\" decoding=\"async\" width=\"650\" height=\"650\" src=\"https:\/\/www.villabelvederehotel.it\/wp-content\/uploads\/2025\/01\/park-hotel-villa-belvedere-cannobio-10-650x650.jpg\" class=\"attachment-qi_addons_for_elementor_image_size_square size-qi_addons_for_elementor_image_size_square\" alt=\"Buono soggiorno Park Hotel Villa Belvedere Cannobio\" srcset=\"https:\/\/www.villabelvederehotel.it\/wp-content\/uploads\/2025\/01\/park-hotel-villa-belvedere-cannobio-10-650x650.jpg 650w, https:\/\/www.villabelvederehotel.it\/wp-content\/uploads\/2025\/01\/park-hotel-villa-belvedere-cannobio-10-150x150.jpg 150w, https:\/\/www.villabelvederehotel.it\/wp-content\/uploads\/2025\/01\/park-hotel-villa-belvedere-cannobio-10-300x300.jpg 300w, https:\/\/www.villabelvederehotel.it\/wp-content\/uploads\/2025\/01\/park-hotel-villa-belvedere-cannobio-10-100x100.jpg 100w\" sizes=\"(max-width: 650px) 100vw, 650px\" \/>\t\t\t\t\t<\/a>\n\t\t\t<\/div>\n<\/div>\n<div class=\"qodef-e qodef-image-wrapper qodef-grid-item qodef-item--landscape\">\n\t<div class=\"qodef-e-inner\">\n\t\t\t\t\t<a class=\"qodef-popup-item\" itemprop=\"image\" href=\"https:\/\/www.villabelvederehotel.it\/wp-content\/uploads\/2025\/01\/park-hotel-villa-belvedere-cannobio-14.jpg\" data-type=\"image\" data-fslightbox=\"gallery-1\">\n\t\t\t\t\t<img loading=\"lazy\" decoding=\"async\" width=\"1190\" height=\"650\" src=\"https:\/\/www.villabelvederehotel.it\/wp-content\/uploads\/2025\/01\/park-hotel-villa-belvedere-cannobio-14-1190x650.jpg\" class=\"attachment-qi_addons_for_elementor_image_size_landscape size-qi_addons_for_elementor_image_size_landscape\" alt=\"Ingresso Park Hotel Villa Belvedere Cannobio\" \/>\t\t\t\t\t<\/a>\n\t\t\t<\/div>\n<\/div>\n<div class=\"qodef-e qodef-image-wrapper qodef-grid-item qodef-item--square\">\n\t<div class=\"qodef-e-inner\">\n\t\t\t\t\t<a class=\"qodef-popup-item\" itemprop=\"image\" href=\"https:\/\/www.villabelvederehotel.it\/wp-content\/uploads\/2025\/01\/park-hotel-villa-belvedere-cannobio-12.jpg\" data-type=\"image\" data-fslightbox=\"gallery-1\">\n\t\t\t\t\t<img loading=\"lazy\" decoding=\"async\" width=\"650\" height=\"650\" src=\"https:\/\/www.villabelvederehotel.it\/wp-content\/uploads\/2025\/01\/park-hotel-villa-belvedere-cannobio-12-650x650.jpg\" class=\"attachment-qi_addons_for_elementor_image_size_square size-qi_addons_for_elementor_image_size_square\" alt=\"I giardini del Park Hotel Villa Belvedere Cannobio\" srcset=\"https:\/\/www.villabelvederehotel.it\/wp-content\/uploads\/2025\/01\/park-hotel-villa-belvedere-cannobio-12-650x650.jpg 650w, https:\/\/www.villabelvederehotel.it\/wp-content\/uploads\/2025\/01\/park-hotel-villa-belvedere-cannobio-12-150x150.jpg 150w, https:\/\/www.villabelvederehotel.it\/wp-content\/uploads\/2025\/01\/park-hotel-villa-belvedere-cannobio-12-300x300.jpg 300w, https:\/\/www.villabelvederehotel.it\/wp-content\/uploads\/2025\/01\/park-hotel-villa-belvedere-cannobio-12-100x100.jpg 100w\" sizes=\"(max-width: 650px) 100vw, 650px\" \/>\t\t\t\t\t<\/a>\n\t\t\t<\/div>\n<\/div>\n\t<\/div>\n<\/div>\n\t\t\t\t<\/div>\n\t\t\t\t<\/div>\n\t\t\t\t\t<\/div>\n\t\t<\/div>\n\t\t\t\t\t<\/div>\n\t\t<\/section>\n\t\t\t\t<\/div>\n\t\t","protected":false},"excerpt":{"rendered":"<p>Verdure, d\u00e9tente et jardin zen ! Le grand parc, soigneusement entretenu et riche en plantes et fleurs typiques de notre r\u00e9gion qui fleurissent tout au long de la saison, avec des hamacs, des chaises longues et des bancs, est l&rsquo;endroit id\u00e9al pour r\u00e9g\u00e9n\u00e9rer le corps et l&rsquo;esprit : une v\u00e9ritable pause de d\u00e9tente en pleine [&hellip;]<\/p>\n","protected":false},"author":1,"featured_media":0,"parent":0,"menu_order":0,"comment_status":"closed","ping_status":"closed","template":"page-full-width.php","meta":{"footnotes":""},"class_list":["post-19675","page","type-page","status-publish","hentry"],"yoast_head":"<!-- This site is optimized with the Yoast SEO plugin v26.3 - https:\/\/yoast.com\/wordpress\/plugins\/seo\/ -->\n<title>Parc s\u00e9culier avec jardin zen<\/title>\n<meta name=\"description\" content=\"Le parc s\u00e9culi\u00e8re vous enchantera avec ses fleurs. Dans le jardin vous trouverez aussi un jardin zen, \u00e0 vous garantir une paix compl\u00e8te.\" \/>\n<meta name=\"robots\" content=\"index, follow, max-snippet:-1, max-image-preview:large, max-video-preview:-1\" \/>\n<link rel=\"canonical\" href=\"https:\/\/www.villabelvederehotel.it\/fr\/parc\/\" \/>\n<meta property=\"og:locale\" content=\"fr_FR\" \/>\n<meta property=\"og:type\" content=\"article\" \/>\n<meta property=\"og:title\" content=\"Parc s\u00e9culier avec jardin zen\" \/>\n<meta property=\"og:description\" content=\"Le parc s\u00e9culi\u00e8re vous enchantera avec ses fleurs. Dans le jardin vous trouverez aussi un jardin zen, \u00e0 vous garantir une paix compl\u00e8te.\" \/>\n<meta property=\"og:url\" content=\"https:\/\/www.villabelvederehotel.it\/fr\/parc\/\" \/>\n<meta property=\"og:site_name\" content=\"Park Hotel Villa Belvedere a Cannobio\" \/>\n<meta property=\"article:publisher\" content=\"https:\/\/www.facebook.com\/villabelvederehotel\/\" \/>\n<meta property=\"article:modified_time\" content=\"2025-03-13T17:51:28+00:00\" \/>\n<meta property=\"og:image\" content=\"http:\/\/test.villabelvederehotel.it\/wp-content\/uploads\/2025\/01\/park-hotel-villa-belvedere-cannobio-20-650x893.jpg\" \/>\n<meta name=\"twitter:label1\" content=\"Dur\u00e9e de lecture estim\u00e9e\" \/>\n\t<meta name=\"twitter:data1\" content=\"1 minute\" \/>\n<script type=\"application\/ld+json\" class=\"yoast-schema-graph\">{\"@context\":\"https:\/\/schema.org\",\"@graph\":[{\"@type\":\"WebPage\",\"@id\":\"https:\/\/www.villabelvederehotel.it\/fr\/parc\/\",\"url\":\"https:\/\/www.villabelvederehotel.it\/fr\/parc\/\",\"name\":\"Parc s\u00e9culier avec jardin zen\",\"isPartOf\":{\"@id\":\"https:\/\/www.villabelvederehotel.it\/fr\/#website\"},\"primaryImageOfPage\":{\"@id\":\"https:\/\/www.villabelvederehotel.it\/fr\/parc\/#primaryimage\"},\"image\":{\"@id\":\"https:\/\/www.villabelvederehotel.it\/fr\/parc\/#primaryimage\"},\"thumbnailUrl\":\"http:\/\/test.villabelvederehotel.it\/wp-content\/uploads\/2025\/01\/park-hotel-villa-belvedere-cannobio-20-650x893.jpg\",\"datePublished\":\"2025-01-16T10:46:06+00:00\",\"dateModified\":\"2025-03-13T17:51:28+00:00\",\"description\":\"Le parc s\u00e9culi\u00e8re vous enchantera avec ses fleurs. Dans le jardin vous trouverez aussi un jardin zen, \u00e0 vous garantir une paix compl\u00e8te.\",\"breadcrumb\":{\"@id\":\"https:\/\/www.villabelvederehotel.it\/fr\/parc\/#breadcrumb\"},\"inLanguage\":\"fr-FR\",\"potentialAction\":[{\"@type\":\"ReadAction\",\"target\":[\"https:\/\/www.villabelvederehotel.it\/fr\/parc\/\"]}]},{\"@type\":\"ImageObject\",\"inLanguage\":\"fr-FR\",\"@id\":\"https:\/\/www.villabelvederehotel.it\/fr\/parc\/#primaryimage\",\"url\":\"http:\/\/test.villabelvederehotel.it\/wp-content\/uploads\/2025\/01\/park-hotel-villa-belvedere-cannobio-20-650x893.jpg\",\"contentUrl\":\"http:\/\/test.villabelvederehotel.it\/wp-content\/uploads\/2025\/01\/park-hotel-villa-belvedere-cannobio-20-650x893.jpg\"},{\"@type\":\"BreadcrumbList\",\"@id\":\"https:\/\/www.villabelvederehotel.it\/fr\/parc\/#breadcrumb\",\"itemListElement\":[{\"@type\":\"ListItem\",\"position\":1,\"name\":\"Home\",\"item\":\"https:\/\/www.villabelvederehotel.it\/fr\/\"},{\"@type\":\"ListItem\",\"position\":2,\"name\":\"Parc\"}]},{\"@type\":\"WebSite\",\"@id\":\"https:\/\/www.villabelvederehotel.it\/fr\/#website\",\"url\":\"https:\/\/www.villabelvederehotel.it\/fr\/\",\"name\":\"Villa Belvedere\",\"description\":\"\",\"publisher\":{\"@id\":\"https:\/\/www.villabelvederehotel.it\/fr\/#organization\"},\"potentialAction\":[{\"@type\":\"SearchAction\",\"target\":{\"@type\":\"EntryPoint\",\"urlTemplate\":\"https:\/\/www.villabelvederehotel.it\/fr\/?s={search_term_string}\"},\"query-input\":{\"@type\":\"PropertyValueSpecification\",\"valueRequired\":true,\"valueName\":\"search_term_string\"}}],\"inLanguage\":\"fr-FR\"},{\"@type\":\"Organization\",\"@id\":\"https:\/\/www.villabelvederehotel.it\/fr\/#organization\",\"name\":\"Villa Belvedere\",\"url\":\"https:\/\/www.villabelvederehotel.it\/fr\/\",\"logo\":{\"@type\":\"ImageObject\",\"inLanguage\":\"fr-FR\",\"@id\":\"https:\/\/www.villabelvederehotel.it\/fr\/#\/schema\/logo\/image\/\",\"url\":\"http:\/\/test.villabelvederehotel.it\/wp-content\/uploads\/2025\/03\/logo-villabelvedere-verde.png\",\"contentUrl\":\"http:\/\/test.villabelvederehotel.it\/wp-content\/uploads\/2025\/03\/logo-villabelvedere-verde.png\",\"width\":967,\"height\":506,\"caption\":\"Villa Belvedere\"},\"image\":{\"@id\":\"https:\/\/www.villabelvederehotel.it\/fr\/#\/schema\/logo\/image\/\"},\"sameAs\":[\"https:\/\/www.facebook.com\/villabelvederehotel\/\",\"https:\/\/www.instagram.com\/parkhotelvillabelvedere\/\"]}]}<\/script>\n<!-- \/ Yoast SEO plugin. -->","yoast_head_json":{"title":"Parc s\u00e9culier avec jardin zen","description":"Le parc s\u00e9culi\u00e8re vous enchantera avec ses fleurs. Dans le jardin vous trouverez aussi un jardin zen, \u00e0 vous garantir une paix compl\u00e8te.","robots":{"index":"index","follow":"follow","max-snippet":"max-snippet:-1","max-image-preview":"max-image-preview:large","max-video-preview":"max-video-preview:-1"},"canonical":"https:\/\/www.villabelvederehotel.it\/fr\/parc\/","og_locale":"fr_FR","og_type":"article","og_title":"Parc s\u00e9culier avec jardin zen","og_description":"Le parc s\u00e9culi\u00e8re vous enchantera avec ses fleurs. Dans le jardin vous trouverez aussi un jardin zen, \u00e0 vous garantir une paix compl\u00e8te.","og_url":"https:\/\/www.villabelvederehotel.it\/fr\/parc\/","og_site_name":"Park Hotel Villa Belvedere a Cannobio","article_publisher":"https:\/\/www.facebook.com\/villabelvederehotel\/","article_modified_time":"2025-03-13T17:51:28+00:00","og_image":[{"url":"http:\/\/test.villabelvederehotel.it\/wp-content\/uploads\/2025\/01\/park-hotel-villa-belvedere-cannobio-20-650x893.jpg","type":"","width":"","height":""}],"twitter_misc":{"Dur\u00e9e de lecture estim\u00e9e":"1 minute"},"schema":{"@context":"https:\/\/schema.org","@graph":[{"@type":"WebPage","@id":"https:\/\/www.villabelvederehotel.it\/fr\/parc\/","url":"https:\/\/www.villabelvederehotel.it\/fr\/parc\/","name":"Parc s\u00e9culier avec jardin zen","isPartOf":{"@id":"https:\/\/www.villabelvederehotel.it\/fr\/#website"},"primaryImageOfPage":{"@id":"https:\/\/www.villabelvederehotel.it\/fr\/parc\/#primaryimage"},"image":{"@id":"https:\/\/www.villabelvederehotel.it\/fr\/parc\/#primaryimage"},"thumbnailUrl":"http:\/\/test.villabelvederehotel.it\/wp-content\/uploads\/2025\/01\/park-hotel-villa-belvedere-cannobio-20-650x893.jpg","datePublished":"2025-01-16T10:46:06+00:00","dateModified":"2025-03-13T17:51:28+00:00","description":"Le parc s\u00e9culi\u00e8re vous enchantera avec ses fleurs. Dans le jardin vous trouverez aussi un jardin zen, \u00e0 vous garantir une paix compl\u00e8te.","breadcrumb":{"@id":"https:\/\/www.villabelvederehotel.it\/fr\/parc\/#breadcrumb"},"inLanguage":"fr-FR","potentialAction":[{"@type":"ReadAction","target":["https:\/\/www.villabelvederehotel.it\/fr\/parc\/"]}]},{"@type":"ImageObject","inLanguage":"fr-FR","@id":"https:\/\/www.villabelvederehotel.it\/fr\/parc\/#primaryimage","url":"http:\/\/test.villabelvederehotel.it\/wp-content\/uploads\/2025\/01\/park-hotel-villa-belvedere-cannobio-20-650x893.jpg","contentUrl":"http:\/\/test.villabelvederehotel.it\/wp-content\/uploads\/2025\/01\/park-hotel-villa-belvedere-cannobio-20-650x893.jpg"},{"@type":"BreadcrumbList","@id":"https:\/\/www.villabelvederehotel.it\/fr\/parc\/#breadcrumb","itemListElement":[{"@type":"ListItem","position":1,"name":"Home","item":"https:\/\/www.villabelvederehotel.it\/fr\/"},{"@type":"ListItem","position":2,"name":"Parc"}]},{"@type":"WebSite","@id":"https:\/\/www.villabelvederehotel.it\/fr\/#website","url":"https:\/\/www.villabelvederehotel.it\/fr\/","name":"Villa Belvedere","description":"","publisher":{"@id":"https:\/\/www.villabelvederehotel.it\/fr\/#organization"},"potentialAction":[{"@type":"SearchAction","target":{"@type":"EntryPoint","urlTemplate":"https:\/\/www.villabelvederehotel.it\/fr\/?s={search_term_string}"},"query-input":{"@type":"PropertyValueSpecification","valueRequired":true,"valueName":"search_term_string"}}],"inLanguage":"fr-FR"},{"@type":"Organization","@id":"https:\/\/www.villabelvederehotel.it\/fr\/#organization","name":"Villa Belvedere","url":"https:\/\/www.villabelvederehotel.it\/fr\/","logo":{"@type":"ImageObject","inLanguage":"fr-FR","@id":"https:\/\/www.villabelvederehotel.it\/fr\/#\/schema\/logo\/image\/","url":"http:\/\/test.villabelvederehotel.it\/wp-content\/uploads\/2025\/03\/logo-villabelvedere-verde.png","contentUrl":"http:\/\/test.villabelvederehotel.it\/wp-content\/uploads\/2025\/03\/logo-villabelvedere-verde.png","width":967,"height":506,"caption":"Villa Belvedere"},"image":{"@id":"https:\/\/www.villabelvederehotel.it\/fr\/#\/schema\/logo\/image\/"},"sameAs":["https:\/\/www.facebook.com\/villabelvederehotel\/","https:\/\/www.instagram.com\/parkhotelvillabelvedere\/"]}]}},"_links":{"self":[{"href":"https:\/\/www.villabelvederehotel.it\/fr\/wp-json\/wp\/v2\/pages\/19675","targetHints":{"allow":["GET"]}}],"collection":[{"href":"https:\/\/www.villabelvederehotel.it\/fr\/wp-json\/wp\/v2\/pages"}],"about":[{"href":"https:\/\/www.villabelvederehotel.it\/fr\/wp-json\/wp\/v2\/types\/page"}],"author":[{"embeddable":true,"href":"https:\/\/www.villabelvederehotel.it\/fr\/wp-json\/wp\/v2\/users\/1"}],"replies":[{"embeddable":true,"href":"https:\/\/www.villabelvederehotel.it\/fr\/wp-json\/wp\/v2\/comments?post=19675"}],"version-history":[{"count":0,"href":"https:\/\/www.villabelvederehotel.it\/fr\/wp-json\/wp\/v2\/pages\/19675\/revisions"}],"wp:attachment":[{"href":"https:\/\/www.villabelvederehotel.it\/fr\/wp-json\/wp\/v2\/media?parent=19675"}],"curies":[{"name":"wp","href":"https:\/\/api.w.org\/{rel}","templated":true}]}}