{"id":19672,"date":"2025-01-16T12:01:57","date_gmt":"2025-01-16T11:01:57","guid":{"rendered":"http:\/\/test.villabelvederehotel.it\/listini\/"},"modified":"2026-04-27T10:58:08","modified_gmt":"2026-04-27T08:58:08","slug":"list-des-prix","status":"publish","type":"page","link":"https:\/\/www.villabelvederehotel.it\/fr\/list-des-prix\/","title":{"rendered":"List des prix"},"content":{"rendered":"\t\t<div data-elementor-type=\"wp-page\" data-elementor-id=\"19672\" class=\"elementor elementor-19672 elementor-17682\">\n\t\t\t\t\t\t<section class=\"elementor-section elementor-top-section elementor-element elementor-element-7093f4d elementor-section-boxed elementor-section-height-default elementor-section-height-default qodef-elementor-content-no\" data-id=\"7093f4d\" data-element_type=\"section\">\n\t\t\t\t\t\t<div class=\"elementor-container elementor-column-gap-default\">\n\t\t\t\t\t<div class=\"elementor-column elementor-col-100 elementor-top-column elementor-element elementor-element-c710fcc\" data-id=\"c710fcc\" data-element_type=\"column\">\n\t\t\t<div class=\"elementor-widget-wrap elementor-element-populated\">\n\t\t\t\t\t\t<div class=\"elementor-element elementor-element-48ed395 elementor-widget elementor-widget-shortcode\" data-id=\"48ed395\" data-element_type=\"widget\" data-widget_type=\"shortcode.default\">\n\t\t\t\t<div class=\"elementor-widget-container\">\n\t\t\t\t\t\t\t<div class=\"elementor-shortcode\">\n<table id=\"tablepress-FR\" class=\"tablepress tablepress-id-FR\">\n<thead>\n<tr class=\"row-1\">\n\t<td class=\"column-1\"><\/td><th class=\"column-2\">BASSE SAISON<br \/>\n21.03.26 - 01.05.26 <br \/>\n20.09.26 - 18.10.26<\/th><th class=\"column-3\">PLEINE SAISON<br \/>\n01.05.26 \u2013 20.09.26<\/th>\n<\/tr>\n<\/thead>\n<tbody class=\"row-striping row-hover\">\n<tr class=\"row-2\">\n\t<td class=\"column-1\">Chambre double standard<\/td><td class=\"column-2\">170,00\/190,00 \u20ac<\/td><td class=\"column-3\">175,00\/210,00 \u20ac<\/td>\n<\/tr>\n<tr class=\"row-3\">\n\t<td class=\"column-1\">Chambre double Superior<\/td><td class=\"column-2\">175,00\/210,00 \u20ac<\/td><td class=\"column-3\">185,00\/230,00 \u20ac<\/td>\n<\/tr>\n<tr class=\"row-4\">\n\t<td class=\"column-1\">Chambre double star Superior<\/td><td class=\"column-2\">180,00\/230,00 \u20ac<\/td><td class=\"column-3\">195,00\/245,00 \u20ac<\/td>\n<\/tr>\n<tr class=\"row-5\">\n\t<td class=\"column-1\">Junior Suite<\/td><td class=\"column-2\">200,00\/290,00 \u20ac<\/td><td class=\"column-3\">220,00\/320,00 \u20ac<\/td>\n<\/tr>\n<tr class=\"row-6\">\n\t<td class=\"column-1\">Suite<\/td><td class=\"column-2\">340,00\/400,00 \u20ac<\/td><td class=\"column-3\">360,00\/450,00 \u20ac<\/td>\n<\/tr>\n<tr class=\"row-7\">\n\t<td class=\"column-1\">Rustique<\/td><td class=\"column-2\">190,00\/260,00 \u20ac<\/td><td class=\"column-3\">210,00\/280,00 \u20ac<\/td>\n<\/tr>\n<tr class=\"row-8\">\n\t<td class=\"column-1\">Lit suppl\u00e9mentaire<\/td><td class=\"column-2\">40,00 \u20ac<\/td><td class=\"column-3\">40,00 \u20ac<\/td>\n<\/tr>\n<\/tbody>\n<\/table>\n<\/div>\n\t\t\t\t\t\t<\/div>\n\t\t\t\t<\/div>\n\t\t\t\t<div class=\"elementor-element elementor-element-4d14201 elementor-widget elementor-widget-text-editor\" data-id=\"4d14201\" data-element_type=\"widget\" data-widget_type=\"text-editor.default\">\n\t\t\t\t<div class=\"elementor-widget-container\">\n\t\t\t\t\t\t\t\t\t<p><em>Prix par chambre (2 personnes)\u00a0&#8211; Petit d\u00e9jeuner \u00e0 buffet compris<br \/>Taxe de s\u00e9jour non compris \u20ac 1,50\u00a0par personne\/nuit.<\/em><\/p><p><strong>Ouverture: Mars \u2013 Octobre<\/strong><\/p><ul><li>Check-in du 15.00 h jusqu\u2019\u00e0 19.30 h. En cas d\u2019arriv\u00e9e tardive contactez l\u2019H\u00f4tel s\u2019il vous plait. La reception ferme \u00e0 21.30 h.<\/li><li>Le animaux ne sont pas admis<\/li><li>Wi-Fi et v\u00e9los gratuits<\/li><li>P\u00e9riode d\u2019ouverture de la piscine : mai \u2013 septembre<\/li><li>Serviettes de piscine disponibles gratuitement<\/li><li>Parking priv\u00e9 gratuit \u00e0 disposition<\/li><li>Station de recharge pour les voitures \u00e9lectriques disponible gratuitement\u00a0<\/li><\/ul><p><strong>Conditions d\u2019annulation:<\/strong><br \/>Toute annulation devra \u00eatre notifi\u00e9e par \u00e9crit (fax ou e-mail) \u00e0 l\u2019H\u00f4tel.<\/p><ul><li>Annulation gratuite jusqu&rsquo;\u00e0 5 jours avant l\u2019arriv\u00e9e<\/li><li>En cas d\u2019annulation entre 5 jours pr\u00e9c\u00e8dent l\u2019arriv\u00e9e ou en cas de non pr\u00e9sence (no-show): jusqu\u2019\u00e0 100% du montant total du s\u00e9jour<\/li><\/ul><p>L\u2019arriv\u00e9e retard\u00e9e ou le d\u00e9part anticip\u00e9 comportent le payement de l\u2019enti\u00e8re p\u00e9riode r\u00e9serve<\/p>\t\t\t\t\t\t\t\t<\/div>\n\t\t\t\t<\/div>\n\t\t\t\t\t<\/div>\n\t\t<\/div>\n\t\t\t\t\t<\/div>\n\t\t<\/section>\n\t\t\t\t<section class=\"elementor-section elementor-top-section elementor-element elementor-element-d674fed elementor-section-full_width elementor-section-height-default elementor-section-height-default qodef-elementor-content-no\" data-id=\"d674fed\" data-element_type=\"section\">\n\t\t\t\t\t\t<div class=\"elementor-container elementor-column-gap-default\">\n\t\t\t\t\t<div class=\"elementor-column elementor-col-100 elementor-top-column elementor-element elementor-element-7a0014a\" data-id=\"7a0014a\" data-element_type=\"column\">\n\t\t\t<div class=\"elementor-widget-wrap elementor-element-populated\">\n\t\t\t\t\t\t<section class=\"elementor-section elementor-inner-section elementor-element elementor-element-2b127c2 qodef-elementor-content-grid elementor-section-full_width elementor-section-height-default elementor-section-height-default\" data-id=\"2b127c2\" data-element_type=\"section\" data-settings=\"{&quot;background_background&quot;:&quot;classic&quot;}\">\n\t\t\t\t\t\t<div class=\"elementor-container elementor-column-gap-default\">\n\t\t\t\t\t<div class=\"elementor-column elementor-col-50 elementor-inner-column elementor-element elementor-element-fe2e32a\" data-id=\"fe2e32a\" data-element_type=\"column\" data-settings=\"{&quot;background_background&quot;:&quot;classic&quot;}\">\n\t\t\t<div class=\"elementor-widget-wrap elementor-element-populated\">\n\t\t\t\t\t\t<div class=\"elementor-element elementor-element-c9531e5 elementor-widget elementor-widget-image\" data-id=\"c9531e5\" data-element_type=\"widget\" data-widget_type=\"image.default\">\n\t\t\t\t<div class=\"elementor-widget-container\">\n\t\t\t\t\t\t\t\t\t\t\t\t\t\t\t<img fetchpriority=\"high\" decoding=\"async\" width=\"1101\" height=\"1171\" src=\"https:\/\/www.villabelvederehotel.it\/wp-content\/uploads\/2025\/01\/mock-up-buono-regalo.png\" class=\"attachment-full size-full wp-image-19519\" alt=\"Buono soggiorno Park Hotel Villa Belvedere Cannobio\" srcset=\"https:\/\/www.villabelvederehotel.it\/wp-content\/uploads\/2025\/01\/mock-up-buono-regalo.png 1101w, https:\/\/www.villabelvederehotel.it\/wp-content\/uploads\/2025\/01\/mock-up-buono-regalo-282x300.png 282w, https:\/\/www.villabelvederehotel.it\/wp-content\/uploads\/2025\/01\/mock-up-buono-regalo-963x1024.png 963w, https:\/\/www.villabelvederehotel.it\/wp-content\/uploads\/2025\/01\/mock-up-buono-regalo-768x817.png 768w, https:\/\/www.villabelvederehotel.it\/wp-content\/uploads\/2025\/01\/mock-up-buono-regalo-600x638.png 600w\" sizes=\"(max-width: 1101px) 100vw, 1101px\" \/>\t\t\t\t\t\t\t\t\t\t\t\t\t\t\t<\/div>\n\t\t\t\t<\/div>\n\t\t\t\t\t<\/div>\n\t\t<\/div>\n\t\t\t\t<div class=\"elementor-column elementor-col-50 elementor-inner-column elementor-element elementor-element-78af372\" data-id=\"78af372\" data-element_type=\"column\" data-settings=\"{&quot;background_background&quot;:&quot;classic&quot;}\">\n\t\t\t<div class=\"elementor-widget-wrap elementor-element-populated\">\n\t\t\t\t\t\t<div class=\"elementor-element elementor-element-d285593 elementor-widget__width-initial elementor-widget elementor-widget-reina_core_section_title\" data-id=\"d285593\" data-element_type=\"widget\" data-widget_type=\"reina_core_section_title.default\">\n\t\t\t\t<div class=\"elementor-widget-container\">\n\t\t\t\t\t<div class=\"qodef-shortcode qodef-m  qodef-section-title  \">\n\t<div class=\"qodef-m-heading\">\n\t\t\t\t\t<h2 class=\"qodef-m-title\" >\n\t\t\t\t\t<a itemprop=\"url\" href=\"#\" target=\"_self\">\n\t\t\t\t\tOffrez une exp\u00e9rience unique\t\t\t\t\t<\/a>\n\t\t\t<\/h2>\n\t<\/div>\n\t\t<p class=\"qodef-m-text\" style=\"margin-top: 17px;color: #7A7A7A\">Surprenez une personne sp\u00e9ciale avec un s\u00e9jour inoubliable dans une atmosph\u00e8re intemporelle. Notre bon cadeau, comprenant une nuit\u00e9e et le petit-d\u00e9jeuner, est le choix parfait pour c\u00e9l\u00e9brer un anniversaire, une occasion sp\u00e9ciale ou simplement offrir un moment de d\u00e9tente au bord du Lac Majeur.<\/p>\n\t\t<div class=\"qodef-m-button\">\n\t\t<a class=\"qodef-shortcode qodef-m  qodef-button qodef-layout--textual  qodef-html--link\" href=\"\/fr\/contacts\/\" target=\"_self\"  style=\"margin: -44px 0px 0px 0px\">\t<span class=\"qodef-m-text\">OFFREZ UNE EXP\u00c9RIENCE\t\t<span class=\"qodef-m-strip\" ><\/span>\t<\/span><\/a>\t<\/div>\n<\/div>\t\t\t\t<\/div>\n\t\t\t\t<\/div>\n\t\t\t\t\t<\/div>\n\t\t<\/div>\n\t\t\t\t\t<\/div>\n\t\t<\/section>\n\t\t\t\t\t<\/div>\n\t\t<\/div>\n\t\t\t\t\t<\/div>\n\t\t<\/section>\n\t\t\t\t<\/div>\n\t\t","protected":false},"excerpt":{"rendered":"<p>Prix par chambre (2 personnes)\u00a0&#8211; Petit d\u00e9jeuner \u00e0 buffet comprisTaxe de s\u00e9jour non compris \u20ac 1,50\u00a0par personne\/nuit. Ouverture: Mars \u2013 Octobre Check-in du 15.00 h jusqu\u2019\u00e0 19.30 h. En cas d\u2019arriv\u00e9e tardive contactez l\u2019H\u00f4tel s\u2019il vous plait. La reception ferme \u00e0 21.30 h. Le animaux ne sont pas admis Wi-Fi et v\u00e9los gratuits P\u00e9riode d\u2019ouverture [&hellip;]<\/p>\n","protected":false},"author":1,"featured_media":0,"parent":0,"menu_order":0,"comment_status":"closed","ping_status":"closed","template":"page-full-width.php","meta":{"footnotes":""},"class_list":["post-19672","page","type-page","status-publish","hentry"],"yoast_head":"<!-- This site is optimized with the Yoast SEO plugin v26.3 - https:\/\/yoast.com\/wordpress\/plugins\/seo\/ -->\n<title>Price list Park Hotel Villa Belvedere<\/title>\n<meta name=\"description\" content=\"Notre liste de prix avec basse et pleine saison et type de chambre.\" \/>\n<meta name=\"robots\" content=\"index, follow, max-snippet:-1, max-image-preview:large, max-video-preview:-1\" \/>\n<link rel=\"canonical\" href=\"https:\/\/www.villabelvederehotel.it\/fr\/list-des-prix\/\" \/>\n<meta property=\"og:locale\" content=\"fr_FR\" \/>\n<meta property=\"og:type\" content=\"article\" \/>\n<meta property=\"og:title\" content=\"Price list Park Hotel Villa Belvedere\" \/>\n<meta property=\"og:description\" content=\"Notre liste de prix avec basse et pleine saison et type de chambre.\" \/>\n<meta property=\"og:url\" content=\"https:\/\/www.villabelvederehotel.it\/fr\/list-des-prix\/\" \/>\n<meta property=\"og:site_name\" content=\"Park Hotel Villa Belvedere a Cannobio\" \/>\n<meta property=\"article:publisher\" content=\"https:\/\/www.facebook.com\/villabelvederehotel\/\" \/>\n<meta property=\"article:modified_time\" content=\"2026-04-27T08:58:08+00:00\" \/>\n<meta property=\"og:image\" content=\"https:\/\/www.villabelvederehotel.it\/wp-content\/uploads\/2025\/01\/mock-up-buono-regalo.png\" \/>\n\t<meta property=\"og:image:width\" content=\"1101\" \/>\n\t<meta property=\"og:image:height\" content=\"1171\" \/>\n\t<meta property=\"og:image:type\" content=\"image\/png\" \/>\n<meta name=\"twitter:label1\" content=\"Dur\u00e9e de lecture estim\u00e9e\" \/>\n\t<meta name=\"twitter:data1\" content=\"1 minute\" \/>\n<script type=\"application\/ld+json\" class=\"yoast-schema-graph\">{\"@context\":\"https:\/\/schema.org\",\"@graph\":[{\"@type\":\"WebPage\",\"@id\":\"https:\/\/www.villabelvederehotel.it\/fr\/list-des-prix\/\",\"url\":\"https:\/\/www.villabelvederehotel.it\/fr\/list-des-prix\/\",\"name\":\"Price list Park Hotel Villa Belvedere\",\"isPartOf\":{\"@id\":\"https:\/\/www.villabelvederehotel.it\/fr\/#website\"},\"primaryImageOfPage\":{\"@id\":\"https:\/\/www.villabelvederehotel.it\/fr\/list-des-prix\/#primaryimage\"},\"image\":{\"@id\":\"https:\/\/www.villabelvederehotel.it\/fr\/list-des-prix\/#primaryimage\"},\"thumbnailUrl\":\"https:\/\/www.villabelvederehotel.it\/wp-content\/uploads\/2025\/01\/mock-up-buono-regalo.png\",\"datePublished\":\"2025-01-16T11:01:57+00:00\",\"dateModified\":\"2026-04-27T08:58:08+00:00\",\"description\":\"Notre liste de prix avec basse et pleine saison et type de chambre.\",\"breadcrumb\":{\"@id\":\"https:\/\/www.villabelvederehotel.it\/fr\/list-des-prix\/#breadcrumb\"},\"inLanguage\":\"fr-FR\",\"potentialAction\":[{\"@type\":\"ReadAction\",\"target\":[\"https:\/\/www.villabelvederehotel.it\/fr\/list-des-prix\/\"]}]},{\"@type\":\"ImageObject\",\"inLanguage\":\"fr-FR\",\"@id\":\"https:\/\/www.villabelvederehotel.it\/fr\/list-des-prix\/#primaryimage\",\"url\":\"https:\/\/www.villabelvederehotel.it\/wp-content\/uploads\/2025\/01\/mock-up-buono-regalo.png\",\"contentUrl\":\"https:\/\/www.villabelvederehotel.it\/wp-content\/uploads\/2025\/01\/mock-up-buono-regalo.png\"},{\"@type\":\"BreadcrumbList\",\"@id\":\"https:\/\/www.villabelvederehotel.it\/fr\/list-des-prix\/#breadcrumb\",\"itemListElement\":[{\"@type\":\"ListItem\",\"position\":1,\"name\":\"Home\",\"item\":\"https:\/\/www.villabelvederehotel.it\/fr\/\"},{\"@type\":\"ListItem\",\"position\":2,\"name\":\"List des prix\"}]},{\"@type\":\"WebSite\",\"@id\":\"https:\/\/www.villabelvederehotel.it\/fr\/#website\",\"url\":\"https:\/\/www.villabelvederehotel.it\/fr\/\",\"name\":\"Villa Belvedere\",\"description\":\"\",\"publisher\":{\"@id\":\"https:\/\/www.villabelvederehotel.it\/fr\/#organization\"},\"potentialAction\":[{\"@type\":\"SearchAction\",\"target\":{\"@type\":\"EntryPoint\",\"urlTemplate\":\"https:\/\/www.villabelvederehotel.it\/fr\/?s={search_term_string}\"},\"query-input\":{\"@type\":\"PropertyValueSpecification\",\"valueRequired\":true,\"valueName\":\"search_term_string\"}}],\"inLanguage\":\"fr-FR\"},{\"@type\":\"Organization\",\"@id\":\"https:\/\/www.villabelvederehotel.it\/fr\/#organization\",\"name\":\"Villa Belvedere\",\"url\":\"https:\/\/www.villabelvederehotel.it\/fr\/\",\"logo\":{\"@type\":\"ImageObject\",\"inLanguage\":\"fr-FR\",\"@id\":\"https:\/\/www.villabelvederehotel.it\/fr\/#\/schema\/logo\/image\/\",\"url\":\"http:\/\/test.villabelvederehotel.it\/wp-content\/uploads\/2025\/03\/logo-villabelvedere-verde.png\",\"contentUrl\":\"http:\/\/test.villabelvederehotel.it\/wp-content\/uploads\/2025\/03\/logo-villabelvedere-verde.png\",\"width\":967,\"height\":506,\"caption\":\"Villa Belvedere\"},\"image\":{\"@id\":\"https:\/\/www.villabelvederehotel.it\/fr\/#\/schema\/logo\/image\/\"},\"sameAs\":[\"https:\/\/www.facebook.com\/villabelvederehotel\/\",\"https:\/\/www.instagram.com\/parkhotelvillabelvedere\/\"]}]}<\/script>\n<!-- \/ Yoast SEO plugin. -->","yoast_head_json":{"title":"Price list Park Hotel Villa Belvedere","description":"Notre liste de prix avec basse et pleine saison et type de chambre.","robots":{"index":"index","follow":"follow","max-snippet":"max-snippet:-1","max-image-preview":"max-image-preview:large","max-video-preview":"max-video-preview:-1"},"canonical":"https:\/\/www.villabelvederehotel.it\/fr\/list-des-prix\/","og_locale":"fr_FR","og_type":"article","og_title":"Price list Park Hotel Villa Belvedere","og_description":"Notre liste de prix avec basse et pleine saison et type de chambre.","og_url":"https:\/\/www.villabelvederehotel.it\/fr\/list-des-prix\/","og_site_name":"Park Hotel Villa Belvedere a Cannobio","article_publisher":"https:\/\/www.facebook.com\/villabelvederehotel\/","article_modified_time":"2026-04-27T08:58:08+00:00","og_image":[{"width":1101,"height":1171,"url":"https:\/\/www.villabelvederehotel.it\/wp-content\/uploads\/2025\/01\/mock-up-buono-regalo.png","type":"image\/png"}],"twitter_misc":{"Dur\u00e9e de lecture estim\u00e9e":"1 minute"},"schema":{"@context":"https:\/\/schema.org","@graph":[{"@type":"WebPage","@id":"https:\/\/www.villabelvederehotel.it\/fr\/list-des-prix\/","url":"https:\/\/www.villabelvederehotel.it\/fr\/list-des-prix\/","name":"Price list Park Hotel Villa Belvedere","isPartOf":{"@id":"https:\/\/www.villabelvederehotel.it\/fr\/#website"},"primaryImageOfPage":{"@id":"https:\/\/www.villabelvederehotel.it\/fr\/list-des-prix\/#primaryimage"},"image":{"@id":"https:\/\/www.villabelvederehotel.it\/fr\/list-des-prix\/#primaryimage"},"thumbnailUrl":"https:\/\/www.villabelvederehotel.it\/wp-content\/uploads\/2025\/01\/mock-up-buono-regalo.png","datePublished":"2025-01-16T11:01:57+00:00","dateModified":"2026-04-27T08:58:08+00:00","description":"Notre liste de prix avec basse et pleine saison et type de chambre.","breadcrumb":{"@id":"https:\/\/www.villabelvederehotel.it\/fr\/list-des-prix\/#breadcrumb"},"inLanguage":"fr-FR","potentialAction":[{"@type":"ReadAction","target":["https:\/\/www.villabelvederehotel.it\/fr\/list-des-prix\/"]}]},{"@type":"ImageObject","inLanguage":"fr-FR","@id":"https:\/\/www.villabelvederehotel.it\/fr\/list-des-prix\/#primaryimage","url":"https:\/\/www.villabelvederehotel.it\/wp-content\/uploads\/2025\/01\/mock-up-buono-regalo.png","contentUrl":"https:\/\/www.villabelvederehotel.it\/wp-content\/uploads\/2025\/01\/mock-up-buono-regalo.png"},{"@type":"BreadcrumbList","@id":"https:\/\/www.villabelvederehotel.it\/fr\/list-des-prix\/#breadcrumb","itemListElement":[{"@type":"ListItem","position":1,"name":"Home","item":"https:\/\/www.villabelvederehotel.it\/fr\/"},{"@type":"ListItem","position":2,"name":"List des prix"}]},{"@type":"WebSite","@id":"https:\/\/www.villabelvederehotel.it\/fr\/#website","url":"https:\/\/www.villabelvederehotel.it\/fr\/","name":"Villa Belvedere","description":"","publisher":{"@id":"https:\/\/www.villabelvederehotel.it\/fr\/#organization"},"potentialAction":[{"@type":"SearchAction","target":{"@type":"EntryPoint","urlTemplate":"https:\/\/www.villabelvederehotel.it\/fr\/?s={search_term_string}"},"query-input":{"@type":"PropertyValueSpecification","valueRequired":true,"valueName":"search_term_string"}}],"inLanguage":"fr-FR"},{"@type":"Organization","@id":"https:\/\/www.villabelvederehotel.it\/fr\/#organization","name":"Villa Belvedere","url":"https:\/\/www.villabelvederehotel.it\/fr\/","logo":{"@type":"ImageObject","inLanguage":"fr-FR","@id":"https:\/\/www.villabelvederehotel.it\/fr\/#\/schema\/logo\/image\/","url":"http:\/\/test.villabelvederehotel.it\/wp-content\/uploads\/2025\/03\/logo-villabelvedere-verde.png","contentUrl":"http:\/\/test.villabelvederehotel.it\/wp-content\/uploads\/2025\/03\/logo-villabelvedere-verde.png","width":967,"height":506,"caption":"Villa Belvedere"},"image":{"@id":"https:\/\/www.villabelvederehotel.it\/fr\/#\/schema\/logo\/image\/"},"sameAs":["https:\/\/www.facebook.com\/villabelvederehotel\/","https:\/\/www.instagram.com\/parkhotelvillabelvedere\/"]}]}},"_links":{"self":[{"href":"https:\/\/www.villabelvederehotel.it\/fr\/wp-json\/wp\/v2\/pages\/19672","targetHints":{"allow":["GET"]}}],"collection":[{"href":"https:\/\/www.villabelvederehotel.it\/fr\/wp-json\/wp\/v2\/pages"}],"about":[{"href":"https:\/\/www.villabelvederehotel.it\/fr\/wp-json\/wp\/v2\/types\/page"}],"author":[{"embeddable":true,"href":"https:\/\/www.villabelvederehotel.it\/fr\/wp-json\/wp\/v2\/users\/1"}],"replies":[{"embeddable":true,"href":"https:\/\/www.villabelvederehotel.it\/fr\/wp-json\/wp\/v2\/comments?post=19672"}],"version-history":[{"count":3,"href":"https:\/\/www.villabelvederehotel.it\/fr\/wp-json\/wp\/v2\/pages\/19672\/revisions"}],"predecessor-version":[{"id":22710,"href":"https:\/\/www.villabelvederehotel.it\/fr\/wp-json\/wp\/v2\/pages\/19672\/revisions\/22710"}],"wp:attachment":[{"href":"https:\/\/www.villabelvederehotel.it\/fr\/wp-json\/wp\/v2\/media?parent=19672"}],"curies":[{"name":"wp","href":"https:\/\/api.w.org\/{rel}","templated":true}]}}