{"id":19682,"date":"2025-01-16T10:26:24","date_gmt":"2025-01-16T09:26:24","guid":{"rendered":"http:\/\/test.villabelvederehotel.it\/villa\/"},"modified":"2025-08-06T18:19:03","modified_gmt":"2025-08-06T16:19:03","slug":"villa","status":"publish","type":"page","link":"https:\/\/www.villabelvederehotel.it\/de\/hotel\/villa\/","title":{"rendered":"Villa"},"content":{"rendered":"\t\t<div data-elementor-type=\"wp-page\" data-elementor-id=\"19682\" class=\"elementor elementor-19682 elementor-17569\">\n\t\t\t\t\t\t<section class=\"elementor-section elementor-top-section elementor-element elementor-element-7093f4d elementor-section-boxed elementor-section-height-default elementor-section-height-default qodef-elementor-content-no\" data-id=\"7093f4d\" data-element_type=\"section\">\n\t\t\t\t\t\t<div class=\"elementor-container elementor-column-gap-default\">\n\t\t\t\t\t<div class=\"elementor-column elementor-col-100 elementor-top-column elementor-element elementor-element-c710fcc\" data-id=\"c710fcc\" data-element_type=\"column\">\n\t\t\t<div class=\"elementor-widget-wrap elementor-element-populated\">\n\t\t\t\t\t\t<div class=\"elementor-element elementor-element-ed5a3eb elementor-widget elementor-widget-reina_core_section_title\" data-id=\"ed5a3eb\" data-element_type=\"widget\" data-widget_type=\"reina_core_section_title.default\">\n\t\t\t\t<div class=\"elementor-widget-container\">\n\t\t\t\t\t<div class=\"qodef-shortcode qodef-m  qodef-section-title  \">\n\t<div class=\"qodef-m-heading\">\n\t\t\t\t\t<h1 class=\"qodef-m-title\" >\n\t\t\t\t\tEin Fenster zum Park\t\t\t<\/h1>\n\t<\/div>\n\t\t<\/div>\t\t\t\t<\/div>\n\t\t\t\t<\/div>\n\t\t\t\t<div class=\"elementor-element elementor-element-935a9ea elementor-widget elementor-widget-text-editor\" data-id=\"935a9ea\" data-element_type=\"widget\" data-widget_type=\"text-editor.default\">\n\t\t\t\t<div class=\"elementor-widget-container\">\n\t\t\t\t\t\t\t\t\t<p>Fr\u00fchst\u00fcck wird in der Villa in einer sch\u00f6nen Veranda serviert, die direkt auf den Park blickt und mit pr\u00e4chtigen Zitronenb\u00e4umen in T\u00f6pfen geschm\u00fcckt ist. An Sommertagen wird der Service auch im Garten unter der schattigen Pergola angeboten.<br \/>Mittags steht ein Snack-Bar-Service zur Verf\u00fcgung, der Sandwiches, Salate und Nudelgerichte anbietet.<br \/>Neben der Rezeption verf\u00fcgt die Villa auch \u00fcber einen gem\u00fctlichen TV-\/Lesezimmer, in dem ein kostenloser Internetpunkt zur Verf\u00fcgung steht.<br \/>Kostenlose Fahrr\u00e4der stehen zur Verf\u00fcgung, um angenehme Spazierg\u00e4nge in Cannobio und Umgebung zu unternehmen.<\/p>\t\t\t\t\t\t\t\t<\/div>\n\t\t\t\t<\/div>\n\t\t\t\t\t<\/div>\n\t\t<\/div>\n\t\t\t\t\t<\/div>\n\t\t<\/section>\n\t\t\t\t<section class=\"elementor-section elementor-top-section elementor-element elementor-element-c100a0e elementor-section-boxed elementor-section-height-default elementor-section-height-default qodef-elementor-content-no\" data-id=\"c100a0e\" data-element_type=\"section\">\n\t\t\t\t\t\t<div class=\"elementor-container elementor-column-gap-default\">\n\t\t\t\t\t<div class=\"elementor-column elementor-col-100 elementor-top-column elementor-element elementor-element-da96b57\" data-id=\"da96b57\" data-element_type=\"column\">\n\t\t\t<div class=\"elementor-widget-wrap elementor-element-populated\">\n\t\t\t\t\t\t<div class=\"elementor-element elementor-element-32f2734 elementor-widget elementor-widget-qi_addons_for_elementor_image_gallery_masonry\" data-id=\"32f2734\" data-element_type=\"widget\" data-widget_type=\"qi_addons_for_elementor_image_gallery_masonry.default\">\n\t\t\t\t<div class=\"elementor-widget-container\">\n\t\t\t\t\t<div class=\"qodef-shortcode qodef-m qodef-qi-image-gallery-masonry qodef-qi-fslightbox-popup qodef-popup-gallery qodef-image--hover-zoom qodef-qi-grid qodef-layout--qi-masonry qodef-items--fixed qodef-col-num--3 qodef-responsive--predefined\">\n\t<div class=\"qodef-grid-inner\">\n\t\t\t<div class=\"qodef-qi-grid-masonry-sizer\"><\/div>\n<div class=\"qodef-e qodef-image-wrapper qodef-grid-item qodef-item--portrait\">\n\t<div class=\"qodef-e-inner\">\n\t\t\t\t\t<a class=\"qodef-popup-item\" itemprop=\"image\" href=\"https:\/\/www.villabelvederehotel.it\/wp-content\/uploads\/2025\/01\/park-hotel-villa-belvedere-cannobio-4.jpg\" data-type=\"image\" data-fslightbox=\"gallery-1\">\n\t\t\t\t\t<img fetchpriority=\"high\" decoding=\"async\" width=\"650\" height=\"1300\" src=\"https:\/\/www.villabelvederehotel.it\/wp-content\/uploads\/2025\/01\/park-hotel-villa-belvedere-cannobio-4-650x1300.jpg\" class=\"attachment-qi_addons_for_elementor_image_size_portrait size-qi_addons_for_elementor_image_size_portrait\" alt=\"I giardini del Park Hotel Villa Belvedere Cannobio\" \/>\t\t\t\t\t<\/a>\n\t\t\t<\/div>\n<\/div>\n<div class=\"qodef-e qodef-image-wrapper qodef-grid-item qodef-item--landscape\">\n\t<div class=\"qodef-e-inner\">\n\t\t\t\t\t<a class=\"qodef-popup-item\" itemprop=\"image\" href=\"https:\/\/www.villabelvederehotel.it\/wp-content\/uploads\/2025\/08\/park-hotel-villa-belvedere-villa-1.jpg\" data-type=\"image\" data-fslightbox=\"gallery-1\">\n\t\t\t\t\t<img decoding=\"async\" width=\"1200\" height=\"650\" src=\"https:\/\/www.villabelvederehotel.it\/wp-content\/uploads\/2025\/08\/park-hotel-villa-belvedere-villa-1-1200x650.jpg\" class=\"attachment-qi_addons_for_elementor_image_size_landscape size-qi_addons_for_elementor_image_size_landscape\" alt=\"\" \/>\t\t\t\t\t<\/a>\n\t\t\t<\/div>\n<\/div>\n<div class=\"qodef-e qodef-image-wrapper qodef-grid-item qodef-item--square\">\n\t<div class=\"qodef-e-inner\">\n\t\t\t\t\t<a class=\"qodef-popup-item\" itemprop=\"image\" href=\"https:\/\/www.villabelvederehotel.it\/wp-content\/uploads\/2025\/01\/park-hotel-villa-belvedere-cannobio-2.jpg\" data-type=\"image\" data-fslightbox=\"gallery-1\">\n\t\t\t\t\t<img decoding=\"async\" width=\"650\" height=\"650\" src=\"https:\/\/www.villabelvederehotel.it\/wp-content\/uploads\/2025\/01\/park-hotel-villa-belvedere-cannobio-2-650x650.jpg\" class=\"attachment-qi_addons_for_elementor_image_size_square size-qi_addons_for_elementor_image_size_square\" alt=\"Camere Park Hotel Villa Belvedere Cannobio\" srcset=\"https:\/\/www.villabelvederehotel.it\/wp-content\/uploads\/2025\/01\/park-hotel-villa-belvedere-cannobio-2-650x650.jpg 650w, https:\/\/www.villabelvederehotel.it\/wp-content\/uploads\/2025\/01\/park-hotel-villa-belvedere-cannobio-2-150x150.jpg 150w, https:\/\/www.villabelvederehotel.it\/wp-content\/uploads\/2025\/01\/park-hotel-villa-belvedere-cannobio-2-300x300.jpg 300w, https:\/\/www.villabelvederehotel.it\/wp-content\/uploads\/2025\/01\/park-hotel-villa-belvedere-cannobio-2-100x100.jpg 100w\" sizes=\"(max-width: 650px) 100vw, 650px\" \/>\t\t\t\t\t<\/a>\n\t\t\t<\/div>\n<\/div>\n<div class=\"qodef-e qodef-image-wrapper qodef-grid-item qodef-item--square\">\n\t<div class=\"qodef-e-inner\">\n\t\t\t\t\t<a class=\"qodef-popup-item\" itemprop=\"image\" href=\"https:\/\/www.villabelvederehotel.it\/wp-content\/uploads\/2025\/01\/park-hotel-villa-belvedere-cannobio-1.jpg\" data-type=\"image\" data-fslightbox=\"gallery-1\">\n\t\t\t\t\t<img loading=\"lazy\" decoding=\"async\" width=\"650\" height=\"650\" src=\"https:\/\/www.villabelvederehotel.it\/wp-content\/uploads\/2025\/01\/park-hotel-villa-belvedere-cannobio-1-650x650.jpg\" class=\"attachment-qi_addons_for_elementor_image_size_square size-qi_addons_for_elementor_image_size_square\" alt=\"Ingresso Park Hotel Villa Belvedere Cannobio\" srcset=\"https:\/\/www.villabelvederehotel.it\/wp-content\/uploads\/2025\/01\/park-hotel-villa-belvedere-cannobio-1-650x650.jpg 650w, https:\/\/www.villabelvederehotel.it\/wp-content\/uploads\/2025\/01\/park-hotel-villa-belvedere-cannobio-1-150x150.jpg 150w, https:\/\/www.villabelvederehotel.it\/wp-content\/uploads\/2025\/01\/park-hotel-villa-belvedere-cannobio-1-300x300.jpg 300w, https:\/\/www.villabelvederehotel.it\/wp-content\/uploads\/2025\/01\/park-hotel-villa-belvedere-cannobio-1-100x100.jpg 100w\" sizes=\"(max-width: 650px) 100vw, 650px\" \/>\t\t\t\t\t<\/a>\n\t\t\t<\/div>\n<\/div>\n<div class=\"qodef-e qodef-image-wrapper qodef-grid-item qodef-item--square\">\n\t<div class=\"qodef-e-inner\">\n\t\t\t\t\t<a class=\"qodef-popup-item\" itemprop=\"image\" href=\"https:\/\/www.villabelvederehotel.it\/wp-content\/uploads\/2025\/08\/park-hotel-villa-belvedere-villa-4.jpg\" data-type=\"image\" data-fslightbox=\"gallery-1\">\n\t\t\t\t\t<img loading=\"lazy\" decoding=\"async\" width=\"650\" height=\"650\" src=\"https:\/\/www.villabelvederehotel.it\/wp-content\/uploads\/2025\/08\/park-hotel-villa-belvedere-villa-4-650x650.jpg\" class=\"attachment-qi_addons_for_elementor_image_size_square size-qi_addons_for_elementor_image_size_square\" alt=\"\" srcset=\"https:\/\/www.villabelvederehotel.it\/wp-content\/uploads\/2025\/08\/park-hotel-villa-belvedere-villa-4-650x650.jpg 650w, https:\/\/www.villabelvederehotel.it\/wp-content\/uploads\/2025\/08\/park-hotel-villa-belvedere-villa-4-150x150.jpg 150w\" sizes=\"(max-width: 650px) 100vw, 650px\" \/>\t\t\t\t\t<\/a>\n\t\t\t<\/div>\n<\/div>\n<div class=\"qodef-e qodef-image-wrapper qodef-grid-item qodef-item--square\">\n\t<div class=\"qodef-e-inner\">\n\t\t\t\t\t<a class=\"qodef-popup-item\" itemprop=\"image\" href=\"https:\/\/www.villabelvederehotel.it\/wp-content\/uploads\/2025\/01\/villa-park-hotel-villa-belvedere-cannobio-3.jpg\" data-type=\"image\" data-fslightbox=\"gallery-1\">\n\t\t\t\t\t<img loading=\"lazy\" decoding=\"async\" width=\"650\" height=\"650\" src=\"https:\/\/www.villabelvederehotel.it\/wp-content\/uploads\/2025\/01\/villa-park-hotel-villa-belvedere-cannobio-3-650x650.jpg\" class=\"attachment-qi_addons_for_elementor_image_size_square size-qi_addons_for_elementor_image_size_square\" alt=\"La villa del Park Hotel Villa Belvedere Cannobio\" srcset=\"https:\/\/www.villabelvederehotel.it\/wp-content\/uploads\/2025\/01\/villa-park-hotel-villa-belvedere-cannobio-3-650x650.jpg 650w, https:\/\/www.villabelvederehotel.it\/wp-content\/uploads\/2025\/01\/villa-park-hotel-villa-belvedere-cannobio-3-150x150.jpg 150w, https:\/\/www.villabelvederehotel.it\/wp-content\/uploads\/2025\/01\/villa-park-hotel-villa-belvedere-cannobio-3-300x300.jpg 300w, https:\/\/www.villabelvederehotel.it\/wp-content\/uploads\/2025\/01\/villa-park-hotel-villa-belvedere-cannobio-3-100x100.jpg 100w\" sizes=\"(max-width: 650px) 100vw, 650px\" \/>\t\t\t\t\t<\/a>\n\t\t\t<\/div>\n<\/div>\n<div class=\"qodef-e qodef-image-wrapper qodef-grid-item qodef-item--portrait\">\n\t<div class=\"qodef-e-inner\">\n\t\t\t\t\t<a class=\"qodef-popup-item\" itemprop=\"image\" href=\"https:\/\/www.villabelvederehotel.it\/wp-content\/uploads\/2025\/08\/park-hotel-villa-belvedere-villa-3.jpg\" data-type=\"image\" data-fslightbox=\"gallery-1\">\n\t\t\t\t\t<img loading=\"lazy\" decoding=\"async\" width=\"650\" height=\"1199\" src=\"https:\/\/www.villabelvederehotel.it\/wp-content\/uploads\/2025\/08\/park-hotel-villa-belvedere-villa-3-650x1199.jpg\" class=\"attachment-qi_addons_for_elementor_image_size_portrait size-qi_addons_for_elementor_image_size_portrait\" alt=\"\" \/>\t\t\t\t\t<\/a>\n\t\t\t<\/div>\n<\/div>\n<div class=\"qodef-e qodef-image-wrapper qodef-grid-item qodef-item--square\">\n\t<div class=\"qodef-e-inner\">\n\t\t\t\t\t<a class=\"qodef-popup-item\" itemprop=\"image\" href=\"https:\/\/www.villabelvederehotel.it\/wp-content\/uploads\/2025\/01\/park-hotel-villa-belvedere-cannobio-7.jpg\" data-type=\"image\" data-fslightbox=\"gallery-1\">\n\t\t\t\t\t<img loading=\"lazy\" decoding=\"async\" width=\"650\" height=\"641\" src=\"https:\/\/www.villabelvederehotel.it\/wp-content\/uploads\/2025\/01\/park-hotel-villa-belvedere-cannobio-7-650x641.jpg\" class=\"attachment-qi_addons_for_elementor_image_size_square size-qi_addons_for_elementor_image_size_square\" alt=\"Sala colazione Park Hotel Villa Belvedere Cannobio\" srcset=\"https:\/\/www.villabelvederehotel.it\/wp-content\/uploads\/2025\/01\/park-hotel-villa-belvedere-cannobio-7-650x641.jpg 650w, https:\/\/www.villabelvederehotel.it\/wp-content\/uploads\/2025\/01\/park-hotel-villa-belvedere-cannobio-7-100x100.jpg 100w\" sizes=\"(max-width: 650px) 100vw, 650px\" \/>\t\t\t\t\t<\/a>\n\t\t\t<\/div>\n<\/div>\n<div class=\"qodef-e qodef-image-wrapper qodef-grid-item qodef-item--square\">\n\t<div class=\"qodef-e-inner\">\n\t\t\t\t\t<a class=\"qodef-popup-item\" itemprop=\"image\" href=\"https:\/\/www.villabelvederehotel.it\/wp-content\/uploads\/2025\/08\/park-hotel-villa-belvedere-villa-2.jpg\" data-type=\"image\" data-fslightbox=\"gallery-1\">\n\t\t\t\t\t<img loading=\"lazy\" decoding=\"async\" width=\"650\" height=\"650\" src=\"https:\/\/www.villabelvederehotel.it\/wp-content\/uploads\/2025\/08\/park-hotel-villa-belvedere-villa-2-650x650.jpg\" class=\"attachment-qi_addons_for_elementor_image_size_square size-qi_addons_for_elementor_image_size_square\" alt=\"\" srcset=\"https:\/\/www.villabelvederehotel.it\/wp-content\/uploads\/2025\/08\/park-hotel-villa-belvedere-villa-2-650x650.jpg 650w, https:\/\/www.villabelvederehotel.it\/wp-content\/uploads\/2025\/08\/park-hotel-villa-belvedere-villa-2-150x150.jpg 150w\" sizes=\"(max-width: 650px) 100vw, 650px\" \/>\t\t\t\t\t<\/a>\n\t\t\t<\/div>\n<\/div>\n\t<\/div>\n<\/div>\n\t\t\t\t<\/div>\n\t\t\t\t<\/div>\n\t\t\t\t\t<\/div>\n\t\t<\/div>\n\t\t\t\t\t<\/div>\n\t\t<\/section>\n\t\t\t\t<\/div>\n\t\t","protected":false},"excerpt":{"rendered":"<p>Ein Fenster zum Park Fr\u00fchst\u00fcck wird in der Villa in einer sch\u00f6nen Veranda serviert, die direkt auf den Park blickt und mit pr\u00e4chtigen Zitronenb\u00e4umen in T\u00f6pfen geschm\u00fcckt ist. An Sommertagen wird der Service auch im Garten unter der schattigen Pergola angeboten.Mittags steht ein Snack-Bar-Service zur Verf\u00fcgung, der Sandwiches, Salate und Nudelgerichte anbietet.Neben der Rezeption verf\u00fcgt [&hellip;]<\/p>\n","protected":false},"author":1,"featured_media":0,"parent":19691,"menu_order":0,"comment_status":"closed","ping_status":"closed","template":"page-full-width.php","meta":{"footnotes":""},"class_list":["post-19682","page","type-page","status-publish","hentry"],"yoast_head":"<!-- This site is optimized with the Yoast SEO plugin v26.3 - https:\/\/yoast.com\/wordpress\/plugins\/seo\/ -->\n<title>Das Villa des Hotels Villa Belvedere in Cannobio<\/title>\n<meta name=\"description\" content=\"Das Fr\u00fchst\u00fcck mit einem reichhaltigen Buffet wird im Wintergarten der Villa serviert, von dem man einen bezaubernden Blick in das Gr\u00fcn des Parks hat. W-Lan gratis zur Verf\u00fcgung.\" \/>\n<meta name=\"robots\" content=\"index, follow, max-snippet:-1, max-image-preview:large, max-video-preview:-1\" \/>\n<link rel=\"canonical\" href=\"https:\/\/www.villabelvederehotel.it\/de\/hotel\/villa\/\" \/>\n<meta property=\"og:locale\" content=\"de_DE\" \/>\n<meta property=\"og:type\" content=\"article\" \/>\n<meta property=\"og:title\" content=\"Das Villa des Hotels Villa Belvedere in Cannobio\" \/>\n<meta property=\"og:description\" content=\"Das Fr\u00fchst\u00fcck mit einem reichhaltigen Buffet wird im Wintergarten der Villa serviert, von dem man einen bezaubernden Blick in das Gr\u00fcn des Parks hat. W-Lan gratis zur Verf\u00fcgung.\" \/>\n<meta property=\"og:url\" content=\"https:\/\/www.villabelvederehotel.it\/de\/hotel\/villa\/\" \/>\n<meta property=\"og:site_name\" content=\"Park Hotel Villa Belvedere a Cannobio\" \/>\n<meta property=\"article:publisher\" content=\"https:\/\/www.facebook.com\/villabelvederehotel\/\" \/>\n<meta property=\"article:modified_time\" content=\"2025-08-06T16:19:03+00:00\" \/>\n<meta property=\"og:image\" content=\"https:\/\/www.villabelvederehotel.it\/wp-content\/uploads\/2025\/01\/park-hotel-villa-belvedere-cannobio-4-650x1300.jpg\" \/>\n<meta name=\"twitter:label1\" content=\"Gesch\u00e4tzte Lesezeit\" \/>\n\t<meta name=\"twitter:data1\" content=\"1\u00a0Minute\" \/>\n<script type=\"application\/ld+json\" class=\"yoast-schema-graph\">{\"@context\":\"https:\/\/schema.org\",\"@graph\":[{\"@type\":\"WebPage\",\"@id\":\"https:\/\/www.villabelvederehotel.it\/de\/hotel\/villa\/\",\"url\":\"https:\/\/www.villabelvederehotel.it\/de\/hotel\/villa\/\",\"name\":\"Das Villa des Hotels Villa Belvedere in Cannobio\",\"isPartOf\":{\"@id\":\"https:\/\/www.villabelvederehotel.it\/de\/#website\"},\"primaryImageOfPage\":{\"@id\":\"https:\/\/www.villabelvederehotel.it\/de\/hotel\/villa\/#primaryimage\"},\"image\":{\"@id\":\"https:\/\/www.villabelvederehotel.it\/de\/hotel\/villa\/#primaryimage\"},\"thumbnailUrl\":\"https:\/\/www.villabelvederehotel.it\/wp-content\/uploads\/2025\/01\/park-hotel-villa-belvedere-cannobio-4-650x1300.jpg\",\"datePublished\":\"2025-01-16T09:26:24+00:00\",\"dateModified\":\"2025-08-06T16:19:03+00:00\",\"description\":\"Das Fr\u00fchst\u00fcck mit einem reichhaltigen Buffet wird im Wintergarten der Villa serviert, von dem man einen bezaubernden Blick in das Gr\u00fcn des Parks hat. W-Lan gratis zur Verf\u00fcgung.\",\"breadcrumb\":{\"@id\":\"https:\/\/www.villabelvederehotel.it\/de\/hotel\/villa\/#breadcrumb\"},\"inLanguage\":\"de\",\"potentialAction\":[{\"@type\":\"ReadAction\",\"target\":[\"https:\/\/www.villabelvederehotel.it\/de\/hotel\/villa\/\"]}]},{\"@type\":\"ImageObject\",\"inLanguage\":\"de\",\"@id\":\"https:\/\/www.villabelvederehotel.it\/de\/hotel\/villa\/#primaryimage\",\"url\":\"https:\/\/www.villabelvederehotel.it\/wp-content\/uploads\/2025\/01\/park-hotel-villa-belvedere-cannobio-4-650x1300.jpg\",\"contentUrl\":\"https:\/\/www.villabelvederehotel.it\/wp-content\/uploads\/2025\/01\/park-hotel-villa-belvedere-cannobio-4-650x1300.jpg\"},{\"@type\":\"BreadcrumbList\",\"@id\":\"https:\/\/www.villabelvederehotel.it\/de\/hotel\/villa\/#breadcrumb\",\"itemListElement\":[{\"@type\":\"ListItem\",\"position\":1,\"name\":\"Home\",\"item\":\"https:\/\/www.villabelvederehotel.it\/de\/\"},{\"@type\":\"ListItem\",\"position\":2,\"name\":\"Hotel\",\"item\":\"https:\/\/www.villabelvederehotel.it\/de\/hotel\/\"},{\"@type\":\"ListItem\",\"position\":3,\"name\":\"Villa\"}]},{\"@type\":\"WebSite\",\"@id\":\"https:\/\/www.villabelvederehotel.it\/de\/#website\",\"url\":\"https:\/\/www.villabelvederehotel.it\/de\/\",\"name\":\"Villa Belvedere\",\"description\":\"\",\"publisher\":{\"@id\":\"https:\/\/www.villabelvederehotel.it\/de\/#organization\"},\"potentialAction\":[{\"@type\":\"SearchAction\",\"target\":{\"@type\":\"EntryPoint\",\"urlTemplate\":\"https:\/\/www.villabelvederehotel.it\/de\/?s={search_term_string}\"},\"query-input\":{\"@type\":\"PropertyValueSpecification\",\"valueRequired\":true,\"valueName\":\"search_term_string\"}}],\"inLanguage\":\"de\"},{\"@type\":\"Organization\",\"@id\":\"https:\/\/www.villabelvederehotel.it\/de\/#organization\",\"name\":\"Villa Belvedere\",\"url\":\"https:\/\/www.villabelvederehotel.it\/de\/\",\"logo\":{\"@type\":\"ImageObject\",\"inLanguage\":\"de\",\"@id\":\"https:\/\/www.villabelvederehotel.it\/de\/#\/schema\/logo\/image\/\",\"url\":\"http:\/\/test.villabelvederehotel.it\/wp-content\/uploads\/2025\/03\/logo-villabelvedere-verde.png\",\"contentUrl\":\"http:\/\/test.villabelvederehotel.it\/wp-content\/uploads\/2025\/03\/logo-villabelvedere-verde.png\",\"width\":967,\"height\":506,\"caption\":\"Villa Belvedere\"},\"image\":{\"@id\":\"https:\/\/www.villabelvederehotel.it\/de\/#\/schema\/logo\/image\/\"},\"sameAs\":[\"https:\/\/www.facebook.com\/villabelvederehotel\/\",\"https:\/\/www.instagram.com\/parkhotelvillabelvedere\/\"]}]}<\/script>\n<!-- \/ Yoast SEO plugin. -->","yoast_head_json":{"title":"Das Villa des Hotels Villa Belvedere in Cannobio","description":"Das Fr\u00fchst\u00fcck mit einem reichhaltigen Buffet wird im Wintergarten der Villa serviert, von dem man einen bezaubernden Blick in das Gr\u00fcn des Parks hat. W-Lan gratis zur Verf\u00fcgung.","robots":{"index":"index","follow":"follow","max-snippet":"max-snippet:-1","max-image-preview":"max-image-preview:large","max-video-preview":"max-video-preview:-1"},"canonical":"https:\/\/www.villabelvederehotel.it\/de\/hotel\/villa\/","og_locale":"de_DE","og_type":"article","og_title":"Das Villa des Hotels Villa Belvedere in Cannobio","og_description":"Das Fr\u00fchst\u00fcck mit einem reichhaltigen Buffet wird im Wintergarten der Villa serviert, von dem man einen bezaubernden Blick in das Gr\u00fcn des Parks hat. W-Lan gratis zur Verf\u00fcgung.","og_url":"https:\/\/www.villabelvederehotel.it\/de\/hotel\/villa\/","og_site_name":"Park Hotel Villa Belvedere a Cannobio","article_publisher":"https:\/\/www.facebook.com\/villabelvederehotel\/","article_modified_time":"2025-08-06T16:19:03+00:00","og_image":[{"url":"https:\/\/www.villabelvederehotel.it\/wp-content\/uploads\/2025\/01\/park-hotel-villa-belvedere-cannobio-4-650x1300.jpg","type":"","width":"","height":""}],"twitter_misc":{"Gesch\u00e4tzte Lesezeit":"1\u00a0Minute"},"schema":{"@context":"https:\/\/schema.org","@graph":[{"@type":"WebPage","@id":"https:\/\/www.villabelvederehotel.it\/de\/hotel\/villa\/","url":"https:\/\/www.villabelvederehotel.it\/de\/hotel\/villa\/","name":"Das Villa des Hotels Villa Belvedere in Cannobio","isPartOf":{"@id":"https:\/\/www.villabelvederehotel.it\/de\/#website"},"primaryImageOfPage":{"@id":"https:\/\/www.villabelvederehotel.it\/de\/hotel\/villa\/#primaryimage"},"image":{"@id":"https:\/\/www.villabelvederehotel.it\/de\/hotel\/villa\/#primaryimage"},"thumbnailUrl":"https:\/\/www.villabelvederehotel.it\/wp-content\/uploads\/2025\/01\/park-hotel-villa-belvedere-cannobio-4-650x1300.jpg","datePublished":"2025-01-16T09:26:24+00:00","dateModified":"2025-08-06T16:19:03+00:00","description":"Das Fr\u00fchst\u00fcck mit einem reichhaltigen Buffet wird im Wintergarten der Villa serviert, von dem man einen bezaubernden Blick in das Gr\u00fcn des Parks hat. W-Lan gratis zur Verf\u00fcgung.","breadcrumb":{"@id":"https:\/\/www.villabelvederehotel.it\/de\/hotel\/villa\/#breadcrumb"},"inLanguage":"de","potentialAction":[{"@type":"ReadAction","target":["https:\/\/www.villabelvederehotel.it\/de\/hotel\/villa\/"]}]},{"@type":"ImageObject","inLanguage":"de","@id":"https:\/\/www.villabelvederehotel.it\/de\/hotel\/villa\/#primaryimage","url":"https:\/\/www.villabelvederehotel.it\/wp-content\/uploads\/2025\/01\/park-hotel-villa-belvedere-cannobio-4-650x1300.jpg","contentUrl":"https:\/\/www.villabelvederehotel.it\/wp-content\/uploads\/2025\/01\/park-hotel-villa-belvedere-cannobio-4-650x1300.jpg"},{"@type":"BreadcrumbList","@id":"https:\/\/www.villabelvederehotel.it\/de\/hotel\/villa\/#breadcrumb","itemListElement":[{"@type":"ListItem","position":1,"name":"Home","item":"https:\/\/www.villabelvederehotel.it\/de\/"},{"@type":"ListItem","position":2,"name":"Hotel","item":"https:\/\/www.villabelvederehotel.it\/de\/hotel\/"},{"@type":"ListItem","position":3,"name":"Villa"}]},{"@type":"WebSite","@id":"https:\/\/www.villabelvederehotel.it\/de\/#website","url":"https:\/\/www.villabelvederehotel.it\/de\/","name":"Villa Belvedere","description":"","publisher":{"@id":"https:\/\/www.villabelvederehotel.it\/de\/#organization"},"potentialAction":[{"@type":"SearchAction","target":{"@type":"EntryPoint","urlTemplate":"https:\/\/www.villabelvederehotel.it\/de\/?s={search_term_string}"},"query-input":{"@type":"PropertyValueSpecification","valueRequired":true,"valueName":"search_term_string"}}],"inLanguage":"de"},{"@type":"Organization","@id":"https:\/\/www.villabelvederehotel.it\/de\/#organization","name":"Villa Belvedere","url":"https:\/\/www.villabelvederehotel.it\/de\/","logo":{"@type":"ImageObject","inLanguage":"de","@id":"https:\/\/www.villabelvederehotel.it\/de\/#\/schema\/logo\/image\/","url":"http:\/\/test.villabelvederehotel.it\/wp-content\/uploads\/2025\/03\/logo-villabelvedere-verde.png","contentUrl":"http:\/\/test.villabelvederehotel.it\/wp-content\/uploads\/2025\/03\/logo-villabelvedere-verde.png","width":967,"height":506,"caption":"Villa Belvedere"},"image":{"@id":"https:\/\/www.villabelvederehotel.it\/de\/#\/schema\/logo\/image\/"},"sameAs":["https:\/\/www.facebook.com\/villabelvederehotel\/","https:\/\/www.instagram.com\/parkhotelvillabelvedere\/"]}]}},"_links":{"self":[{"href":"https:\/\/www.villabelvederehotel.it\/de\/wp-json\/wp\/v2\/pages\/19682","targetHints":{"allow":["GET"]}}],"collection":[{"href":"https:\/\/www.villabelvederehotel.it\/de\/wp-json\/wp\/v2\/pages"}],"about":[{"href":"https:\/\/www.villabelvederehotel.it\/de\/wp-json\/wp\/v2\/types\/page"}],"author":[{"embeddable":true,"href":"https:\/\/www.villabelvederehotel.it\/de\/wp-json\/wp\/v2\/users\/1"}],"replies":[{"embeddable":true,"href":"https:\/\/www.villabelvederehotel.it\/de\/wp-json\/wp\/v2\/comments?post=19682"}],"version-history":[{"count":0,"href":"https:\/\/www.villabelvederehotel.it\/de\/wp-json\/wp\/v2\/pages\/19682\/revisions"}],"up":[{"embeddable":true,"href":"https:\/\/www.villabelvederehotel.it\/de\/wp-json\/wp\/v2\/pages\/19691"}],"wp:attachment":[{"href":"https:\/\/www.villabelvederehotel.it\/de\/wp-json\/wp\/v2\/media?parent=19682"}],"curies":[{"name":"wp","href":"https:\/\/api.w.org\/{rel}","templated":true}]}}