{"id":19679,"date":"2025-01-16T10:26:49","date_gmt":"2025-01-16T09:26:49","guid":{"rendered":"http:\/\/test.villabelvederehotel.it\/rustico\/"},"modified":"2025-03-13T18:52:39","modified_gmt":"2025-03-13T17:52:39","slug":"rustico","status":"publish","type":"page","link":"https:\/\/www.villabelvederehotel.it\/de\/hotel\/rustico\/","title":{"rendered":"Rustico"},"content":{"rendered":"\t\t<div data-elementor-type=\"wp-page\" data-elementor-id=\"19679\" class=\"elementor elementor-19679 elementor-17571\">\n\t\t\t\t\t\t<section class=\"elementor-section elementor-top-section elementor-element elementor-element-7093f4d elementor-section-boxed elementor-section-height-default elementor-section-height-default qodef-elementor-content-no\" data-id=\"7093f4d\" data-element_type=\"section\">\n\t\t\t\t\t\t<div class=\"elementor-container elementor-column-gap-default\">\n\t\t\t\t\t<div class=\"elementor-column elementor-col-100 elementor-top-column elementor-element elementor-element-c710fcc\" data-id=\"c710fcc\" data-element_type=\"column\">\n\t\t\t<div class=\"elementor-widget-wrap elementor-element-populated\">\n\t\t\t\t\t\t<div class=\"elementor-element elementor-element-ed5a3eb elementor-widget elementor-widget-reina_core_section_title\" data-id=\"ed5a3eb\" data-element_type=\"widget\" data-widget_type=\"reina_core_section_title.default\">\n\t\t\t\t<div class=\"elementor-widget-container\">\n\t\t\t\t\t<div class=\"qodef-shortcode qodef-m  qodef-section-title  \">\n\t<div class=\"qodef-m-heading\">\n\t\t\t\t\t<h1 class=\"qodef-m-title\" >\n\t\t\t\t\tDer Charme traditioneller H\u00e4user f\u00fcr Ihre Entspannung\t\t\t<\/h1>\n\t<\/div>\n\t\t<\/div>\t\t\t\t<\/div>\n\t\t\t\t<\/div>\n\t\t\t\t<div class=\"elementor-element elementor-element-2313bb3 elementor-widget elementor-widget-text-editor\" data-id=\"2313bb3\" data-element_type=\"widget\" data-widget_type=\"text-editor.default\">\n\t\t\t\t<div class=\"elementor-widget-container\">\n\t\t\t\t\t\t\t\t\t<p>Dachziegel, Holzbalkone, sanfte Farben, Ruhe und Entspannung \u2013 das ist das Rustico, ein traditionelles Haus aus dem Cannobina-Tal, das vollst\u00e4ndig renoviert und in das Gr\u00fcn des Parks eingebettet ist. Die Innenr\u00e4ume der beiden Superior-Zimmer und der zwei Apartments, besonders gem\u00fctlich, zeichnen sich durch lokale Steinmauern und Holzbalkendecken aus, die darauf abzielen, die urspr\u00fcnglichen architektonischen Merkmale von Funktionalit\u00e4t und Sch\u00f6nheit zu bewahren.<br \/>Die Apartments erstrecken sich \u00fcber zwei Etagen: Im Erdgeschoss befinden sich ein Wohnzimmer mit einer voll ausgestatteten K\u00fcchenzeile und ein Garten; im ersten Stock befinden sich ein Schlafzimmer, ein Badezimmer und ein Balkon mit Blick auf das Cannobina-Tal.<\/p>\t\t\t\t\t\t\t\t<\/div>\n\t\t\t\t<\/div>\n\t\t\t\t\t<\/div>\n\t\t<\/div>\n\t\t\t\t\t<\/div>\n\t\t<\/section>\n\t\t\t\t<section class=\"elementor-section elementor-top-section elementor-element elementor-element-c100a0e elementor-section-boxed elementor-section-height-default elementor-section-height-default qodef-elementor-content-no\" data-id=\"c100a0e\" data-element_type=\"section\">\n\t\t\t\t\t\t<div class=\"elementor-container elementor-column-gap-default\">\n\t\t\t\t\t<div class=\"elementor-column elementor-col-100 elementor-top-column elementor-element elementor-element-da96b57\" data-id=\"da96b57\" data-element_type=\"column\">\n\t\t\t<div class=\"elementor-widget-wrap elementor-element-populated\">\n\t\t\t\t\t\t<div class=\"elementor-element elementor-element-ff94694 elementor-widget elementor-widget-qi_addons_for_elementor_image_gallery_masonry\" data-id=\"ff94694\" data-element_type=\"widget\" data-widget_type=\"qi_addons_for_elementor_image_gallery_masonry.default\">\n\t\t\t\t<div class=\"elementor-widget-container\">\n\t\t\t\t\t<div class=\"qodef-shortcode qodef-m qodef-qi-image-gallery-masonry qodef-qi-fslightbox-popup qodef-popup-gallery qodef-image--hover-zoom qodef-qi-grid qodef-layout--qi-masonry qodef-items--fixed qodef-col-num--3 qodef-responsive--predefined\">\n\t<div class=\"qodef-grid-inner\">\n\t\t\t<div class=\"qodef-qi-grid-masonry-sizer\"><\/div>\n<div class=\"qodef-e qodef-image-wrapper qodef-grid-item qodef-item--portrait\">\n\t<div class=\"qodef-e-inner\">\n\t\t\t\t\t<a class=\"qodef-popup-item\" itemprop=\"image\" href=\"https:\/\/www.villabelvederehotel.it\/wp-content\/uploads\/2025\/01\/rustico-park-hotel-villa-belvedere-cannobio-5.jpg\" data-type=\"image\" data-fslightbox=\"gallery-1\">\n\t\t\t\t\t<img fetchpriority=\"high\" decoding=\"async\" width=\"650\" height=\"976\" src=\"https:\/\/www.villabelvederehotel.it\/wp-content\/uploads\/2025\/01\/rustico-park-hotel-villa-belvedere-cannobio-5-650x976.jpg\" class=\"attachment-qi_addons_for_elementor_image_size_portrait size-qi_addons_for_elementor_image_size_portrait\" alt=\"Rustico Park Hotel Villa Belvedere Cannobio\" \/>\t\t\t\t\t<\/a>\n\t\t\t<\/div>\n<\/div>\n<div class=\"qodef-e qodef-image-wrapper qodef-grid-item qodef-item--square\">\n\t<div class=\"qodef-e-inner\">\n\t\t\t\t\t<a class=\"qodef-popup-item\" itemprop=\"image\" href=\"https:\/\/www.villabelvederehotel.it\/wp-content\/uploads\/2025\/01\/rustico-park-hotel-villa-belvedere-cannobio-3.jpg\" data-type=\"image\" data-fslightbox=\"gallery-1\">\n\t\t\t\t\t<img decoding=\"async\" width=\"650\" height=\"650\" src=\"https:\/\/www.villabelvederehotel.it\/wp-content\/uploads\/2025\/01\/rustico-park-hotel-villa-belvedere-cannobio-3-650x650.jpg\" class=\"attachment-qi_addons_for_elementor_image_size_square size-qi_addons_for_elementor_image_size_square\" alt=\"Rustico Park Hotel Villa Belvedere Cannobio\" srcset=\"https:\/\/www.villabelvederehotel.it\/wp-content\/uploads\/2025\/01\/rustico-park-hotel-villa-belvedere-cannobio-3-650x650.jpg 650w, https:\/\/www.villabelvederehotel.it\/wp-content\/uploads\/2025\/01\/rustico-park-hotel-villa-belvedere-cannobio-3-150x150.jpg 150w, https:\/\/www.villabelvederehotel.it\/wp-content\/uploads\/2025\/01\/rustico-park-hotel-villa-belvedere-cannobio-3-300x300.jpg 300w, https:\/\/www.villabelvederehotel.it\/wp-content\/uploads\/2025\/01\/rustico-park-hotel-villa-belvedere-cannobio-3-100x100.jpg 100w\" sizes=\"(max-width: 650px) 100vw, 650px\" \/>\t\t\t\t\t<\/a>\n\t\t\t<\/div>\n<\/div>\n<div class=\"qodef-e qodef-image-wrapper qodef-grid-item qodef-item--square\">\n\t<div class=\"qodef-e-inner\">\n\t\t\t\t\t<a class=\"qodef-popup-item\" itemprop=\"image\" href=\"https:\/\/www.villabelvederehotel.it\/wp-content\/uploads\/2025\/01\/rustico-park-hotel-villa-belvedere-cannobio.jpg\" data-type=\"image\" data-fslightbox=\"gallery-1\">\n\t\t\t\t\t<img decoding=\"async\" width=\"650\" height=\"650\" src=\"https:\/\/www.villabelvederehotel.it\/wp-content\/uploads\/2025\/01\/rustico-park-hotel-villa-belvedere-cannobio-650x650.jpg\" class=\"attachment-qi_addons_for_elementor_image_size_square size-qi_addons_for_elementor_image_size_square\" alt=\"Rustico Park Hotel Villa Belvedere Cannobio\" srcset=\"https:\/\/www.villabelvederehotel.it\/wp-content\/uploads\/2025\/01\/rustico-park-hotel-villa-belvedere-cannobio-650x650.jpg 650w, https:\/\/www.villabelvederehotel.it\/wp-content\/uploads\/2025\/01\/rustico-park-hotel-villa-belvedere-cannobio-150x150.jpg 150w, https:\/\/www.villabelvederehotel.it\/wp-content\/uploads\/2025\/01\/rustico-park-hotel-villa-belvedere-cannobio-300x300.jpg 300w, https:\/\/www.villabelvederehotel.it\/wp-content\/uploads\/2025\/01\/rustico-park-hotel-villa-belvedere-cannobio-100x100.jpg 100w\" sizes=\"(max-width: 650px) 100vw, 650px\" \/>\t\t\t\t\t<\/a>\n\t\t\t<\/div>\n<\/div>\n<div class=\"qodef-e qodef-image-wrapper qodef-grid-item qodef-item--landscape\">\n\t<div class=\"qodef-e-inner\">\n\t\t\t\t\t<a class=\"qodef-popup-item\" itemprop=\"image\" href=\"https:\/\/www.villabelvederehotel.it\/wp-content\/uploads\/2025\/01\/rustico-park-hotel-villa-belvedere-cannobio-1.jpg\" data-type=\"image\" data-fslightbox=\"gallery-1\">\n\t\t\t\t\t<img loading=\"lazy\" decoding=\"async\" width=\"1160\" height=\"650\" src=\"https:\/\/www.villabelvederehotel.it\/wp-content\/uploads\/2025\/01\/rustico-park-hotel-villa-belvedere-cannobio-1-1160x650.jpg\" class=\"attachment-qi_addons_for_elementor_image_size_landscape size-qi_addons_for_elementor_image_size_landscape\" alt=\"Rustico Park Hotel Villa Belvedere Cannobio\" \/>\t\t\t\t\t<\/a>\n\t\t\t<\/div>\n<\/div>\n<div class=\"qodef-e qodef-image-wrapper qodef-grid-item qodef-item--landscape\">\n\t<div class=\"qodef-e-inner\">\n\t\t\t\t\t<a class=\"qodef-popup-item\" itemprop=\"image\" href=\"https:\/\/www.villabelvederehotel.it\/wp-content\/uploads\/2025\/01\/rustico-park-hotel-villa-belvedere-cannobio-2.jpg\" data-type=\"image\" data-fslightbox=\"gallery-1\">\n\t\t\t\t\t<img loading=\"lazy\" decoding=\"async\" width=\"1160\" height=\"650\" src=\"https:\/\/www.villabelvederehotel.it\/wp-content\/uploads\/2025\/01\/rustico-park-hotel-villa-belvedere-cannobio-2-1160x650.jpg\" class=\"attachment-qi_addons_for_elementor_image_size_landscape size-qi_addons_for_elementor_image_size_landscape\" alt=\"Rustico Park Hotel Villa Belvedere Cannobio\" \/>\t\t\t\t\t<\/a>\n\t\t\t<\/div>\n<\/div>\n<div class=\"qodef-e qodef-image-wrapper qodef-grid-item qodef-item--landscape\">\n\t<div class=\"qodef-e-inner\">\n\t\t\t\t\t<a class=\"qodef-popup-item\" itemprop=\"image\" href=\"https:\/\/www.villabelvederehotel.it\/wp-content\/uploads\/2025\/01\/rustico-park-hotel-villa-belvedere-cannobio-7.jpg\" data-type=\"image\" data-fslightbox=\"gallery-1\">\n\t\t\t\t\t<img loading=\"lazy\" decoding=\"async\" width=\"1300\" height=\"650\" src=\"https:\/\/www.villabelvederehotel.it\/wp-content\/uploads\/2025\/01\/rustico-park-hotel-villa-belvedere-cannobio-7-1300x650.jpg\" class=\"attachment-qi_addons_for_elementor_image_size_landscape size-qi_addons_for_elementor_image_size_landscape\" alt=\"Rustico Park Hotel Villa Belvedere Cannobio\" \/>\t\t\t\t\t<\/a>\n\t\t\t<\/div>\n<\/div>\n<div class=\"qodef-e qodef-image-wrapper qodef-grid-item qodef-item--square\">\n\t<div class=\"qodef-e-inner\">\n\t\t\t\t\t<a class=\"qodef-popup-item\" itemprop=\"image\" href=\"https:\/\/www.villabelvederehotel.it\/wp-content\/uploads\/2025\/01\/rustico-park-hotel-villa-belvedere-cannobio-4.jpg\" data-type=\"image\" data-fslightbox=\"gallery-1\">\n\t\t\t\t\t<img loading=\"lazy\" decoding=\"async\" width=\"650\" height=\"650\" src=\"https:\/\/www.villabelvederehotel.it\/wp-content\/uploads\/2025\/01\/rustico-park-hotel-villa-belvedere-cannobio-4-650x650.jpg\" class=\"attachment-qi_addons_for_elementor_image_size_square size-qi_addons_for_elementor_image_size_square\" alt=\"Rustico Park Hotel Villa Belvedere Cannobio\" srcset=\"https:\/\/www.villabelvederehotel.it\/wp-content\/uploads\/2025\/01\/rustico-park-hotel-villa-belvedere-cannobio-4-650x650.jpg 650w, https:\/\/www.villabelvederehotel.it\/wp-content\/uploads\/2025\/01\/rustico-park-hotel-villa-belvedere-cannobio-4-150x150.jpg 150w, https:\/\/www.villabelvederehotel.it\/wp-content\/uploads\/2025\/01\/rustico-park-hotel-villa-belvedere-cannobio-4-300x300.jpg 300w, https:\/\/www.villabelvederehotel.it\/wp-content\/uploads\/2025\/01\/rustico-park-hotel-villa-belvedere-cannobio-4-100x100.jpg 100w\" sizes=\"(max-width: 650px) 100vw, 650px\" \/>\t\t\t\t\t<\/a>\n\t\t\t<\/div>\n<\/div>\n<div class=\"qodef-e qodef-image-wrapper qodef-grid-item qodef-item--square\">\n\t<div class=\"qodef-e-inner\">\n\t\t\t\t\t<a class=\"qodef-popup-item\" itemprop=\"image\" href=\"https:\/\/www.villabelvederehotel.it\/wp-content\/uploads\/2025\/01\/rustico-park-hotel-villa-belvedere-cannobio-6.jpg\" data-type=\"image\" data-fslightbox=\"gallery-1\">\n\t\t\t\t\t<img loading=\"lazy\" decoding=\"async\" width=\"650\" height=\"650\" src=\"https:\/\/www.villabelvederehotel.it\/wp-content\/uploads\/2025\/01\/rustico-park-hotel-villa-belvedere-cannobio-6-650x650.jpg\" class=\"attachment-qi_addons_for_elementor_image_size_square size-qi_addons_for_elementor_image_size_square\" alt=\"Rustico Park Hotel Villa Belvedere Cannobio\" srcset=\"https:\/\/www.villabelvederehotel.it\/wp-content\/uploads\/2025\/01\/rustico-park-hotel-villa-belvedere-cannobio-6-650x650.jpg 650w, https:\/\/www.villabelvederehotel.it\/wp-content\/uploads\/2025\/01\/rustico-park-hotel-villa-belvedere-cannobio-6-150x150.jpg 150w, https:\/\/www.villabelvederehotel.it\/wp-content\/uploads\/2025\/01\/rustico-park-hotel-villa-belvedere-cannobio-6-300x300.jpg 300w, https:\/\/www.villabelvederehotel.it\/wp-content\/uploads\/2025\/01\/rustico-park-hotel-villa-belvedere-cannobio-6-100x100.jpg 100w\" sizes=\"(max-width: 650px) 100vw, 650px\" \/>\t\t\t\t\t<\/a>\n\t\t\t<\/div>\n<\/div>\n\t<\/div>\n<\/div>\n\t\t\t\t<\/div>\n\t\t\t\t<\/div>\n\t\t\t\t\t<\/div>\n\t\t<\/div>\n\t\t\t\t\t<\/div>\n\t\t<\/section>\n\t\t\t\t<\/div>\n\t\t","protected":false},"excerpt":{"rendered":"<p>Der Charme traditioneller H\u00e4user f\u00fcr Ihre Entspannung Dachziegel, Holzbalkone, sanfte Farben, Ruhe und Entspannung \u2013 das ist das Rustico, ein traditionelles Haus aus dem Cannobina-Tal, das vollst\u00e4ndig renoviert und in das Gr\u00fcn des Parks eingebettet ist. Die Innenr\u00e4ume der beiden Superior-Zimmer und der zwei Apartments, besonders gem\u00fctlich, zeichnen sich durch lokale Steinmauern und Holzbalkendecken aus, [&hellip;]<\/p>\n","protected":false},"author":1,"featured_media":0,"parent":19691,"menu_order":0,"comment_status":"closed","ping_status":"closed","template":"page-full-width.php","meta":{"footnotes":""},"class_list":["post-19679","page","type-page","status-publish","hentry"],"yoast_head":"<!-- This site is optimized with the Yoast SEO plugin v26.3 - https:\/\/yoast.com\/wordpress\/plugins\/seo\/ -->\n<title>Der Rustico des Hotels Villa Belvedere in Cannobio<\/title>\n<meta name=\"description\" content=\"Eingebettet in das Gr\u00fcn des Parks gibt es auch ein typisches Haus des Cannobina-Tals, das komplett renoviert wurde.\" \/>\n<meta name=\"robots\" content=\"index, follow, max-snippet:-1, max-image-preview:large, max-video-preview:-1\" \/>\n<link rel=\"canonical\" href=\"https:\/\/www.villabelvederehotel.it\/de\/hotel\/rustico\/\" \/>\n<meta property=\"og:locale\" content=\"de_DE\" \/>\n<meta property=\"og:type\" content=\"article\" \/>\n<meta property=\"og:title\" content=\"Der Rustico des Hotels Villa Belvedere in Cannobio\" \/>\n<meta property=\"og:description\" content=\"Eingebettet in das Gr\u00fcn des Parks gibt es auch ein typisches Haus des Cannobina-Tals, das komplett renoviert wurde.\" \/>\n<meta property=\"og:url\" content=\"https:\/\/www.villabelvederehotel.it\/de\/hotel\/rustico\/\" \/>\n<meta property=\"og:site_name\" content=\"Park Hotel Villa Belvedere a Cannobio\" \/>\n<meta property=\"article:publisher\" content=\"https:\/\/www.facebook.com\/villabelvederehotel\/\" \/>\n<meta property=\"article:modified_time\" content=\"2025-03-13T17:52:39+00:00\" \/>\n<meta property=\"og:image\" content=\"http:\/\/test.villabelvederehotel.it\/wp-content\/uploads\/2025\/01\/rustico-park-hotel-villa-belvedere-cannobio-5-650x976.jpg\" \/>\n<meta name=\"twitter:label1\" content=\"Gesch\u00e4tzte Lesezeit\" \/>\n\t<meta name=\"twitter:data1\" content=\"1\u00a0Minute\" \/>\n<script type=\"application\/ld+json\" class=\"yoast-schema-graph\">{\"@context\":\"https:\/\/schema.org\",\"@graph\":[{\"@type\":\"WebPage\",\"@id\":\"https:\/\/www.villabelvederehotel.it\/de\/hotel\/rustico\/\",\"url\":\"https:\/\/www.villabelvederehotel.it\/de\/hotel\/rustico\/\",\"name\":\"Der Rustico des Hotels Villa Belvedere in Cannobio\",\"isPartOf\":{\"@id\":\"https:\/\/www.villabelvederehotel.it\/de\/#website\"},\"primaryImageOfPage\":{\"@id\":\"https:\/\/www.villabelvederehotel.it\/de\/hotel\/rustico\/#primaryimage\"},\"image\":{\"@id\":\"https:\/\/www.villabelvederehotel.it\/de\/hotel\/rustico\/#primaryimage\"},\"thumbnailUrl\":\"http:\/\/test.villabelvederehotel.it\/wp-content\/uploads\/2025\/01\/rustico-park-hotel-villa-belvedere-cannobio-5-650x976.jpg\",\"datePublished\":\"2025-01-16T09:26:49+00:00\",\"dateModified\":\"2025-03-13T17:52:39+00:00\",\"description\":\"Eingebettet in das Gr\u00fcn des Parks gibt es auch ein typisches Haus des Cannobina-Tals, das komplett renoviert wurde.\",\"breadcrumb\":{\"@id\":\"https:\/\/www.villabelvederehotel.it\/de\/hotel\/rustico\/#breadcrumb\"},\"inLanguage\":\"de\",\"potentialAction\":[{\"@type\":\"ReadAction\",\"target\":[\"https:\/\/www.villabelvederehotel.it\/de\/hotel\/rustico\/\"]}]},{\"@type\":\"ImageObject\",\"inLanguage\":\"de\",\"@id\":\"https:\/\/www.villabelvederehotel.it\/de\/hotel\/rustico\/#primaryimage\",\"url\":\"http:\/\/test.villabelvederehotel.it\/wp-content\/uploads\/2025\/01\/rustico-park-hotel-villa-belvedere-cannobio-5-650x976.jpg\",\"contentUrl\":\"http:\/\/test.villabelvederehotel.it\/wp-content\/uploads\/2025\/01\/rustico-park-hotel-villa-belvedere-cannobio-5-650x976.jpg\"},{\"@type\":\"BreadcrumbList\",\"@id\":\"https:\/\/www.villabelvederehotel.it\/de\/hotel\/rustico\/#breadcrumb\",\"itemListElement\":[{\"@type\":\"ListItem\",\"position\":1,\"name\":\"Home\",\"item\":\"https:\/\/www.villabelvederehotel.it\/de\/\"},{\"@type\":\"ListItem\",\"position\":2,\"name\":\"Hotel\",\"item\":\"https:\/\/www.villabelvederehotel.it\/de\/hotel\/\"},{\"@type\":\"ListItem\",\"position\":3,\"name\":\"Rustico\"}]},{\"@type\":\"WebSite\",\"@id\":\"https:\/\/www.villabelvederehotel.it\/de\/#website\",\"url\":\"https:\/\/www.villabelvederehotel.it\/de\/\",\"name\":\"Villa Belvedere\",\"description\":\"\",\"publisher\":{\"@id\":\"https:\/\/www.villabelvederehotel.it\/de\/#organization\"},\"potentialAction\":[{\"@type\":\"SearchAction\",\"target\":{\"@type\":\"EntryPoint\",\"urlTemplate\":\"https:\/\/www.villabelvederehotel.it\/de\/?s={search_term_string}\"},\"query-input\":{\"@type\":\"PropertyValueSpecification\",\"valueRequired\":true,\"valueName\":\"search_term_string\"}}],\"inLanguage\":\"de\"},{\"@type\":\"Organization\",\"@id\":\"https:\/\/www.villabelvederehotel.it\/de\/#organization\",\"name\":\"Villa Belvedere\",\"url\":\"https:\/\/www.villabelvederehotel.it\/de\/\",\"logo\":{\"@type\":\"ImageObject\",\"inLanguage\":\"de\",\"@id\":\"https:\/\/www.villabelvederehotel.it\/de\/#\/schema\/logo\/image\/\",\"url\":\"http:\/\/test.villabelvederehotel.it\/wp-content\/uploads\/2025\/03\/logo-villabelvedere-verde.png\",\"contentUrl\":\"http:\/\/test.villabelvederehotel.it\/wp-content\/uploads\/2025\/03\/logo-villabelvedere-verde.png\",\"width\":967,\"height\":506,\"caption\":\"Villa Belvedere\"},\"image\":{\"@id\":\"https:\/\/www.villabelvederehotel.it\/de\/#\/schema\/logo\/image\/\"},\"sameAs\":[\"https:\/\/www.facebook.com\/villabelvederehotel\/\",\"https:\/\/www.instagram.com\/parkhotelvillabelvedere\/\"]}]}<\/script>\n<!-- \/ Yoast SEO plugin. -->","yoast_head_json":{"title":"Der Rustico des Hotels Villa Belvedere in Cannobio","description":"Eingebettet in das Gr\u00fcn des Parks gibt es auch ein typisches Haus des Cannobina-Tals, das komplett renoviert wurde.","robots":{"index":"index","follow":"follow","max-snippet":"max-snippet:-1","max-image-preview":"max-image-preview:large","max-video-preview":"max-video-preview:-1"},"canonical":"https:\/\/www.villabelvederehotel.it\/de\/hotel\/rustico\/","og_locale":"de_DE","og_type":"article","og_title":"Der Rustico des Hotels Villa Belvedere in Cannobio","og_description":"Eingebettet in das Gr\u00fcn des Parks gibt es auch ein typisches Haus des Cannobina-Tals, das komplett renoviert wurde.","og_url":"https:\/\/www.villabelvederehotel.it\/de\/hotel\/rustico\/","og_site_name":"Park Hotel Villa Belvedere a Cannobio","article_publisher":"https:\/\/www.facebook.com\/villabelvederehotel\/","article_modified_time":"2025-03-13T17:52:39+00:00","og_image":[{"url":"http:\/\/test.villabelvederehotel.it\/wp-content\/uploads\/2025\/01\/rustico-park-hotel-villa-belvedere-cannobio-5-650x976.jpg","type":"","width":"","height":""}],"twitter_misc":{"Gesch\u00e4tzte Lesezeit":"1\u00a0Minute"},"schema":{"@context":"https:\/\/schema.org","@graph":[{"@type":"WebPage","@id":"https:\/\/www.villabelvederehotel.it\/de\/hotel\/rustico\/","url":"https:\/\/www.villabelvederehotel.it\/de\/hotel\/rustico\/","name":"Der Rustico des Hotels Villa Belvedere in Cannobio","isPartOf":{"@id":"https:\/\/www.villabelvederehotel.it\/de\/#website"},"primaryImageOfPage":{"@id":"https:\/\/www.villabelvederehotel.it\/de\/hotel\/rustico\/#primaryimage"},"image":{"@id":"https:\/\/www.villabelvederehotel.it\/de\/hotel\/rustico\/#primaryimage"},"thumbnailUrl":"http:\/\/test.villabelvederehotel.it\/wp-content\/uploads\/2025\/01\/rustico-park-hotel-villa-belvedere-cannobio-5-650x976.jpg","datePublished":"2025-01-16T09:26:49+00:00","dateModified":"2025-03-13T17:52:39+00:00","description":"Eingebettet in das Gr\u00fcn des Parks gibt es auch ein typisches Haus des Cannobina-Tals, das komplett renoviert wurde.","breadcrumb":{"@id":"https:\/\/www.villabelvederehotel.it\/de\/hotel\/rustico\/#breadcrumb"},"inLanguage":"de","potentialAction":[{"@type":"ReadAction","target":["https:\/\/www.villabelvederehotel.it\/de\/hotel\/rustico\/"]}]},{"@type":"ImageObject","inLanguage":"de","@id":"https:\/\/www.villabelvederehotel.it\/de\/hotel\/rustico\/#primaryimage","url":"http:\/\/test.villabelvederehotel.it\/wp-content\/uploads\/2025\/01\/rustico-park-hotel-villa-belvedere-cannobio-5-650x976.jpg","contentUrl":"http:\/\/test.villabelvederehotel.it\/wp-content\/uploads\/2025\/01\/rustico-park-hotel-villa-belvedere-cannobio-5-650x976.jpg"},{"@type":"BreadcrumbList","@id":"https:\/\/www.villabelvederehotel.it\/de\/hotel\/rustico\/#breadcrumb","itemListElement":[{"@type":"ListItem","position":1,"name":"Home","item":"https:\/\/www.villabelvederehotel.it\/de\/"},{"@type":"ListItem","position":2,"name":"Hotel","item":"https:\/\/www.villabelvederehotel.it\/de\/hotel\/"},{"@type":"ListItem","position":3,"name":"Rustico"}]},{"@type":"WebSite","@id":"https:\/\/www.villabelvederehotel.it\/de\/#website","url":"https:\/\/www.villabelvederehotel.it\/de\/","name":"Villa Belvedere","description":"","publisher":{"@id":"https:\/\/www.villabelvederehotel.it\/de\/#organization"},"potentialAction":[{"@type":"SearchAction","target":{"@type":"EntryPoint","urlTemplate":"https:\/\/www.villabelvederehotel.it\/de\/?s={search_term_string}"},"query-input":{"@type":"PropertyValueSpecification","valueRequired":true,"valueName":"search_term_string"}}],"inLanguage":"de"},{"@type":"Organization","@id":"https:\/\/www.villabelvederehotel.it\/de\/#organization","name":"Villa Belvedere","url":"https:\/\/www.villabelvederehotel.it\/de\/","logo":{"@type":"ImageObject","inLanguage":"de","@id":"https:\/\/www.villabelvederehotel.it\/de\/#\/schema\/logo\/image\/","url":"http:\/\/test.villabelvederehotel.it\/wp-content\/uploads\/2025\/03\/logo-villabelvedere-verde.png","contentUrl":"http:\/\/test.villabelvederehotel.it\/wp-content\/uploads\/2025\/03\/logo-villabelvedere-verde.png","width":967,"height":506,"caption":"Villa Belvedere"},"image":{"@id":"https:\/\/www.villabelvederehotel.it\/de\/#\/schema\/logo\/image\/"},"sameAs":["https:\/\/www.facebook.com\/villabelvederehotel\/","https:\/\/www.instagram.com\/parkhotelvillabelvedere\/"]}]}},"_links":{"self":[{"href":"https:\/\/www.villabelvederehotel.it\/de\/wp-json\/wp\/v2\/pages\/19679","targetHints":{"allow":["GET"]}}],"collection":[{"href":"https:\/\/www.villabelvederehotel.it\/de\/wp-json\/wp\/v2\/pages"}],"about":[{"href":"https:\/\/www.villabelvederehotel.it\/de\/wp-json\/wp\/v2\/types\/page"}],"author":[{"embeddable":true,"href":"https:\/\/www.villabelvederehotel.it\/de\/wp-json\/wp\/v2\/users\/1"}],"replies":[{"embeddable":true,"href":"https:\/\/www.villabelvederehotel.it\/de\/wp-json\/wp\/v2\/comments?post=19679"}],"version-history":[{"count":0,"href":"https:\/\/www.villabelvederehotel.it\/de\/wp-json\/wp\/v2\/pages\/19679\/revisions"}],"up":[{"embeddable":true,"href":"https:\/\/www.villabelvederehotel.it\/de\/wp-json\/wp\/v2\/pages\/19691"}],"wp:attachment":[{"href":"https:\/\/www.villabelvederehotel.it\/de\/wp-json\/wp\/v2\/media?parent=19679"}],"curies":[{"name":"wp","href":"https:\/\/api.w.org\/{rel}","templated":true}]}}