{"id":19673,"date":"2025-01-16T12:01:57","date_gmt":"2025-01-16T11:01:57","guid":{"rendered":"http:\/\/test.villabelvederehotel.it\/listini\/"},"modified":"2025-03-13T18:32:26","modified_gmt":"2025-03-13T17:32:26","slug":"preisliste","status":"publish","type":"page","link":"https:\/\/www.villabelvederehotel.it\/de\/preisliste\/","title":{"rendered":"Preisliste"},"content":{"rendered":"\t\t<div data-elementor-type=\"wp-page\" data-elementor-id=\"19673\" class=\"elementor elementor-19673 elementor-17682\">\n\t\t\t\t\t\t<section class=\"elementor-section elementor-top-section elementor-element elementor-element-7093f4d elementor-section-boxed elementor-section-height-default elementor-section-height-default qodef-elementor-content-no\" data-id=\"7093f4d\" data-element_type=\"section\">\n\t\t\t\t\t\t<div class=\"elementor-container elementor-column-gap-default\">\n\t\t\t\t\t<div class=\"elementor-column elementor-col-100 elementor-top-column elementor-element elementor-element-c710fcc\" data-id=\"c710fcc\" data-element_type=\"column\">\n\t\t\t<div class=\"elementor-widget-wrap elementor-element-populated\">\n\t\t\t\t\t\t<div class=\"elementor-element elementor-element-48ed395 elementor-widget elementor-widget-shortcode\" data-id=\"48ed395\" data-element_type=\"widget\" data-widget_type=\"shortcode.default\">\n\t\t\t\t<div class=\"elementor-widget-container\">\n\t\t\t\t\t\t\t<div class=\"elementor-shortcode\">\n<table id=\"tablepress-DE\" class=\"tablepress tablepress-id-DE\">\n<thead>\n<tr class=\"row-1\">\n\t<td class=\"column-1\"><\/td><th class=\"column-2\">NEBENSAISON<br \/>\n21.03.26 - 01.05.26 <br \/>\n20.09.26 - 18.10.26<\/th><th class=\"column-3\">HOCHSAISON<br \/>\n01.05.26 \u2013 20.09.26<\/th>\n<\/tr>\n<\/thead>\n<tbody class=\"row-striping row-hover\">\n<tr class=\"row-2\">\n\t<td class=\"column-1\">Standard-Doppelzimmer<\/td><td class=\"column-2\">170,00\/190,00 \u20ac<\/td><td class=\"column-3\">175,00\/210,00 \u20ac<\/td>\n<\/tr>\n<tr class=\"row-3\">\n\t<td class=\"column-1\">Superior-Doppelzimmer<\/td><td class=\"column-2\">175,00\/210,00 \u20ac<\/td><td class=\"column-3\">185,00\/230,00 \u20ac<\/td>\n<\/tr>\n<tr class=\"row-4\">\n\t<td class=\"column-1\">Star Superior-Doppelzimmer<\/td><td class=\"column-2\">180,00\/230,00 \u20ac<\/td><td class=\"column-3\">195,00\/245,00 \u20ac<\/td>\n<\/tr>\n<tr class=\"row-5\">\n\t<td class=\"column-1\">Junior Suite<\/td><td class=\"column-2\">200,00\/290,00 \u20ac<\/td><td class=\"column-3\">220,00\/320,00 \u20ac<\/td>\n<\/tr>\n<tr class=\"row-6\">\n\t<td class=\"column-1\">Suite<\/td><td class=\"column-2\">340,00\/400,00 \u20ac<\/td><td class=\"column-3\">360,00\/450,00 \u20ac<\/td>\n<\/tr>\n<tr class=\"row-7\">\n\t<td class=\"column-1\">Appartement im Rustico<\/td><td class=\"column-2\">190,00\/260,00 \u20ac<\/td><td class=\"column-3\">210,00\/280,00 \u20ac<\/td>\n<\/tr>\n<tr class=\"row-8\">\n\t<td class=\"column-1\">Zusatzbett<\/td><td class=\"column-2\">40,00 \u20ac<\/td><td class=\"column-3\">40,00 \u20ac<\/td>\n<\/tr>\n<\/tbody>\n<\/table>\n<!-- #tablepress-DE from cache --><\/div>\n\t\t\t\t\t\t<\/div>\n\t\t\t\t<\/div>\n\t\t\t\t<div class=\"elementor-element elementor-element-ba97485 elementor-widget elementor-widget-text-editor\" data-id=\"ba97485\" data-element_type=\"widget\" data-widget_type=\"text-editor.default\">\n\t\t\t\t<div class=\"elementor-widget-container\">\n\t\t\t\t\t\t\t\t\t<p><em>Preise pro Zimmer (2 Personen)- Inklusive Fr\u00fchst\u00fcck <br \/><\/em><em>Touristensteuer nicht inklusive \u20ac 1,50 pro Nacht\/Person<\/em><\/p><p><strong>Das Hotel ist von M\u00e4rz bis Oktober ge\u00f6ffnet<\/strong><\/p><ul><li>Der Check-in sollte ab 15.00 Uhr bis 19.30\u00a0Uhr erfolgen. Bei sp\u00e4terer Ankunft bitten wir um Information. Die Rezeption schlie\u00dft um 21.30 Uhr.<\/li><li>Haustiere sind nicht gestattet<\/li><li>W-LAN und Fahrr\u00e4der sind gratis<\/li><li>Handt\u00fccher f\u00fcr den Pool gratis<\/li><li>Kostenloser Privatparkplatz<\/li><li>Ladestation f\u00fcr Elektrofahrzeuge kostenlos verf\u00fcgbar<\/li><\/ul><p><strong>Stornierung der buchung<br \/><\/strong>Eine eventuelle Stornierung der Buchung muss schriftlich per Fax oder E-Mail erfolgen und entsprechend dem Absendedatum werden folgende Stornierungsgeb\u00fchren f\u00e4llig:<\/p><ul><li>Kostenlose Stornierung bis 5 Tage vor Anreisedatum<\/li><li>Ab 5 Tage vor Anreisedatum oder No-show: bis zu 100% des Preises des gesamten gebuchten Aufenthaltes<\/li><\/ul><p>Bei versp\u00e4teter Anreise oder vorzeitiger Abreise wird der gesamte gebuchte Aufenthalt berechnet.<\/p><p>\u00a0<\/p>\t\t\t\t\t\t\t\t<\/div>\n\t\t\t\t<\/div>\n\t\t\t\t\t<\/div>\n\t\t<\/div>\n\t\t\t\t\t<\/div>\n\t\t<\/section>\n\t\t\t\t<section class=\"elementor-section elementor-top-section elementor-element elementor-element-d674fed elementor-section-full_width elementor-section-height-default elementor-section-height-default qodef-elementor-content-no\" data-id=\"d674fed\" data-element_type=\"section\">\n\t\t\t\t\t\t<div class=\"elementor-container elementor-column-gap-default\">\n\t\t\t\t\t<div class=\"elementor-column elementor-col-100 elementor-top-column elementor-element elementor-element-7a0014a\" data-id=\"7a0014a\" data-element_type=\"column\">\n\t\t\t<div class=\"elementor-widget-wrap elementor-element-populated\">\n\t\t\t\t\t\t<section class=\"elementor-section elementor-inner-section elementor-element elementor-element-2b127c2 qodef-elementor-content-grid elementor-section-full_width elementor-section-height-default elementor-section-height-default\" data-id=\"2b127c2\" data-element_type=\"section\" data-settings=\"{&quot;background_background&quot;:&quot;classic&quot;}\">\n\t\t\t\t\t\t<div class=\"elementor-container elementor-column-gap-default\">\n\t\t\t\t\t<div class=\"elementor-column elementor-col-50 elementor-inner-column elementor-element elementor-element-fe2e32a\" data-id=\"fe2e32a\" data-element_type=\"column\" data-settings=\"{&quot;background_background&quot;:&quot;classic&quot;}\">\n\t\t\t<div class=\"elementor-widget-wrap elementor-element-populated\">\n\t\t\t\t\t\t<div class=\"elementor-element elementor-element-c9531e5 elementor-widget elementor-widget-image\" data-id=\"c9531e5\" data-element_type=\"widget\" data-widget_type=\"image.default\">\n\t\t\t\t<div class=\"elementor-widget-container\">\n\t\t\t\t\t\t\t\t\t\t\t\t\t\t\t<img fetchpriority=\"high\" decoding=\"async\" width=\"1101\" height=\"1171\" src=\"https:\/\/www.villabelvederehotel.it\/wp-content\/uploads\/2025\/01\/mock-up-buono-regalo.png\" class=\"attachment-full size-full wp-image-19520\" alt=\"Buono soggiorno Park Hotel Villa Belvedere Cannobio\" srcset=\"https:\/\/www.villabelvederehotel.it\/wp-content\/uploads\/2025\/01\/mock-up-buono-regalo.png 1101w, https:\/\/www.villabelvederehotel.it\/wp-content\/uploads\/2025\/01\/mock-up-buono-regalo-282x300.png 282w, https:\/\/www.villabelvederehotel.it\/wp-content\/uploads\/2025\/01\/mock-up-buono-regalo-963x1024.png 963w, https:\/\/www.villabelvederehotel.it\/wp-content\/uploads\/2025\/01\/mock-up-buono-regalo-768x817.png 768w, https:\/\/www.villabelvederehotel.it\/wp-content\/uploads\/2025\/01\/mock-up-buono-regalo-600x638.png 600w\" sizes=\"(max-width: 1101px) 100vw, 1101px\" \/>\t\t\t\t\t\t\t\t\t\t\t\t\t\t\t<\/div>\n\t\t\t\t<\/div>\n\t\t\t\t\t<\/div>\n\t\t<\/div>\n\t\t\t\t<div class=\"elementor-column elementor-col-50 elementor-inner-column elementor-element elementor-element-78af372\" data-id=\"78af372\" data-element_type=\"column\" data-settings=\"{&quot;background_background&quot;:&quot;classic&quot;}\">\n\t\t\t<div class=\"elementor-widget-wrap elementor-element-populated\">\n\t\t\t\t\t\t<div class=\"elementor-element elementor-element-4e34d1f elementor-widget__width-initial elementor-widget elementor-widget-reina_core_section_title\" data-id=\"4e34d1f\" data-element_type=\"widget\" data-widget_type=\"reina_core_section_title.default\">\n\t\t\t\t<div class=\"elementor-widget-container\">\n\t\t\t\t\t<div class=\"qodef-shortcode qodef-m  qodef-section-title  \">\n\t<div class=\"qodef-m-heading\">\n\t\t\t\t\t<h2 class=\"qodef-m-title\" >\n\t\t\t\t\t<a itemprop=\"url\" href=\"#\" target=\"_self\">\n\t\t\t\t\tVerschenken Sie ein einzigartiges Erlebnis\t\t\t\t\t<\/a>\n\t\t\t<\/h2>\n\t<\/div>\n\t\t<p class=\"qodef-m-text\" style=\"margin-top: 17px;color: #7A7A7A\">\u00dcberraschen Sie eine besondere Person mit einem unvergesslichen Aufenthalt in einer zeitlosen Atmosph\u00e4re. Unser Geschenkgutschein, inklusive \u00dcbernachtung und Fr\u00fchst\u00fcck, ist die perfekte Wahl, um einen Geburtstag, ein Jubil\u00e4um oder einfach einen Moment der Entspannung am Lago Maggiore zu feiern.<\/p>\n\t\t<div class=\"qodef-m-button\">\n\t\t<a class=\"qodef-shortcode qodef-m  qodef-button qodef-layout--textual  qodef-html--link\" href=\"\/de\/kontakte\/\" target=\"_self\"  style=\"margin: -44px 0px 0px 0px\">\t<span class=\"qodef-m-text\">VERSCHENKEN SIE EIN ERLEBNIS\t\t<span class=\"qodef-m-strip\" ><\/span>\t<\/span><\/a>\t<\/div>\n<\/div>\t\t\t\t<\/div>\n\t\t\t\t<\/div>\n\t\t\t\t\t<\/div>\n\t\t<\/div>\n\t\t\t\t\t<\/div>\n\t\t<\/section>\n\t\t\t\t\t<\/div>\n\t\t<\/div>\n\t\t\t\t\t<\/div>\n\t\t<\/section>\n\t\t\t\t<\/div>\n\t\t","protected":false},"excerpt":{"rendered":"<p>Preise pro Zimmer (2 Personen)- Inklusive Fr\u00fchst\u00fcck Touristensteuer nicht inklusive \u20ac 1,50 pro Nacht\/Person Das Hotel ist von M\u00e4rz bis Oktober ge\u00f6ffnet Der Check-in sollte ab 15.00 Uhr bis 19.30\u00a0Uhr erfolgen. Bei sp\u00e4terer Ankunft bitten wir um Information. Die Rezeption schlie\u00dft um 21.30 Uhr. Haustiere sind nicht gestattet W-LAN und Fahrr\u00e4der sind gratis Handt\u00fccher f\u00fcr [&hellip;]<\/p>\n","protected":false},"author":1,"featured_media":0,"parent":0,"menu_order":0,"comment_status":"closed","ping_status":"closed","template":"page-full-width.php","meta":{"footnotes":""},"class_list":["post-19673","page","type-page","status-publish","hentry"],"yoast_head":"<!-- This site is optimized with the Yoast SEO plugin v26.3 - https:\/\/yoast.com\/wordpress\/plugins\/seo\/ -->\n<title>Preisliste Park Hotel Villa Belvedere<\/title>\n<meta name=\"description\" content=\"Unsere Preisliste f\u00fcr Neben-und Hochsaison und f\u00fcr Art des Zimmers.\" \/>\n<meta name=\"robots\" content=\"index, follow, max-snippet:-1, max-image-preview:large, max-video-preview:-1\" \/>\n<link rel=\"canonical\" href=\"https:\/\/www.villabelvederehotel.it\/de\/preisliste\/\" \/>\n<meta property=\"og:locale\" content=\"de_DE\" \/>\n<meta property=\"og:type\" content=\"article\" \/>\n<meta property=\"og:title\" content=\"Preisliste Park Hotel Villa Belvedere\" \/>\n<meta property=\"og:description\" content=\"Unsere Preisliste f\u00fcr Neben-und Hochsaison und f\u00fcr Art des Zimmers.\" \/>\n<meta property=\"og:url\" content=\"https:\/\/www.villabelvederehotel.it\/de\/preisliste\/\" \/>\n<meta property=\"og:site_name\" content=\"Park Hotel Villa Belvedere a Cannobio\" \/>\n<meta property=\"article:publisher\" content=\"https:\/\/www.facebook.com\/villabelvederehotel\/\" \/>\n<meta property=\"article:modified_time\" content=\"2025-03-13T17:32:26+00:00\" \/>\n<meta property=\"og:image\" content=\"http:\/\/test.villabelvederehotel.it\/wp-content\/uploads\/2025\/01\/mock-up-buono-regalo.png\" \/>\n<meta name=\"twitter:label1\" content=\"Gesch\u00e4tzte Lesezeit\" \/>\n\t<meta name=\"twitter:data1\" content=\"1\u00a0Minute\" \/>\n<script type=\"application\/ld+json\" class=\"yoast-schema-graph\">{\"@context\":\"https:\/\/schema.org\",\"@graph\":[{\"@type\":\"WebPage\",\"@id\":\"https:\/\/www.villabelvederehotel.it\/de\/preisliste\/\",\"url\":\"https:\/\/www.villabelvederehotel.it\/de\/preisliste\/\",\"name\":\"Preisliste Park Hotel Villa Belvedere\",\"isPartOf\":{\"@id\":\"https:\/\/www.villabelvederehotel.it\/de\/#website\"},\"primaryImageOfPage\":{\"@id\":\"https:\/\/www.villabelvederehotel.it\/de\/preisliste\/#primaryimage\"},\"image\":{\"@id\":\"https:\/\/www.villabelvederehotel.it\/de\/preisliste\/#primaryimage\"},\"thumbnailUrl\":\"http:\/\/test.villabelvederehotel.it\/wp-content\/uploads\/2025\/01\/mock-up-buono-regalo.png\",\"datePublished\":\"2025-01-16T11:01:57+00:00\",\"dateModified\":\"2025-03-13T17:32:26+00:00\",\"description\":\"Unsere Preisliste f\u00fcr Neben-und Hochsaison und f\u00fcr Art des Zimmers.\",\"breadcrumb\":{\"@id\":\"https:\/\/www.villabelvederehotel.it\/de\/preisliste\/#breadcrumb\"},\"inLanguage\":\"de\",\"potentialAction\":[{\"@type\":\"ReadAction\",\"target\":[\"https:\/\/www.villabelvederehotel.it\/de\/preisliste\/\"]}]},{\"@type\":\"ImageObject\",\"inLanguage\":\"de\",\"@id\":\"https:\/\/www.villabelvederehotel.it\/de\/preisliste\/#primaryimage\",\"url\":\"http:\/\/test.villabelvederehotel.it\/wp-content\/uploads\/2025\/01\/mock-up-buono-regalo.png\",\"contentUrl\":\"http:\/\/test.villabelvederehotel.it\/wp-content\/uploads\/2025\/01\/mock-up-buono-regalo.png\"},{\"@type\":\"BreadcrumbList\",\"@id\":\"https:\/\/www.villabelvederehotel.it\/de\/preisliste\/#breadcrumb\",\"itemListElement\":[{\"@type\":\"ListItem\",\"position\":1,\"name\":\"Home\",\"item\":\"https:\/\/www.villabelvederehotel.it\/de\/\"},{\"@type\":\"ListItem\",\"position\":2,\"name\":\"Preisliste\"}]},{\"@type\":\"WebSite\",\"@id\":\"https:\/\/www.villabelvederehotel.it\/de\/#website\",\"url\":\"https:\/\/www.villabelvederehotel.it\/de\/\",\"name\":\"Villa Belvedere\",\"description\":\"\",\"publisher\":{\"@id\":\"https:\/\/www.villabelvederehotel.it\/de\/#organization\"},\"potentialAction\":[{\"@type\":\"SearchAction\",\"target\":{\"@type\":\"EntryPoint\",\"urlTemplate\":\"https:\/\/www.villabelvederehotel.it\/de\/?s={search_term_string}\"},\"query-input\":{\"@type\":\"PropertyValueSpecification\",\"valueRequired\":true,\"valueName\":\"search_term_string\"}}],\"inLanguage\":\"de\"},{\"@type\":\"Organization\",\"@id\":\"https:\/\/www.villabelvederehotel.it\/de\/#organization\",\"name\":\"Villa Belvedere\",\"url\":\"https:\/\/www.villabelvederehotel.it\/de\/\",\"logo\":{\"@type\":\"ImageObject\",\"inLanguage\":\"de\",\"@id\":\"https:\/\/www.villabelvederehotel.it\/de\/#\/schema\/logo\/image\/\",\"url\":\"http:\/\/test.villabelvederehotel.it\/wp-content\/uploads\/2025\/03\/logo-villabelvedere-verde.png\",\"contentUrl\":\"http:\/\/test.villabelvederehotel.it\/wp-content\/uploads\/2025\/03\/logo-villabelvedere-verde.png\",\"width\":967,\"height\":506,\"caption\":\"Villa Belvedere\"},\"image\":{\"@id\":\"https:\/\/www.villabelvederehotel.it\/de\/#\/schema\/logo\/image\/\"},\"sameAs\":[\"https:\/\/www.facebook.com\/villabelvederehotel\/\",\"https:\/\/www.instagram.com\/parkhotelvillabelvedere\/\"]}]}<\/script>\n<!-- \/ Yoast SEO plugin. -->","yoast_head_json":{"title":"Preisliste Park Hotel Villa Belvedere","description":"Unsere Preisliste f\u00fcr Neben-und Hochsaison und f\u00fcr Art des Zimmers.","robots":{"index":"index","follow":"follow","max-snippet":"max-snippet:-1","max-image-preview":"max-image-preview:large","max-video-preview":"max-video-preview:-1"},"canonical":"https:\/\/www.villabelvederehotel.it\/de\/preisliste\/","og_locale":"de_DE","og_type":"article","og_title":"Preisliste Park Hotel Villa Belvedere","og_description":"Unsere Preisliste f\u00fcr Neben-und Hochsaison und f\u00fcr Art des Zimmers.","og_url":"https:\/\/www.villabelvederehotel.it\/de\/preisliste\/","og_site_name":"Park Hotel Villa Belvedere a Cannobio","article_publisher":"https:\/\/www.facebook.com\/villabelvederehotel\/","article_modified_time":"2025-03-13T17:32:26+00:00","og_image":[{"url":"http:\/\/test.villabelvederehotel.it\/wp-content\/uploads\/2025\/01\/mock-up-buono-regalo.png","type":"","width":"","height":""}],"twitter_misc":{"Gesch\u00e4tzte Lesezeit":"1\u00a0Minute"},"schema":{"@context":"https:\/\/schema.org","@graph":[{"@type":"WebPage","@id":"https:\/\/www.villabelvederehotel.it\/de\/preisliste\/","url":"https:\/\/www.villabelvederehotel.it\/de\/preisliste\/","name":"Preisliste Park Hotel Villa Belvedere","isPartOf":{"@id":"https:\/\/www.villabelvederehotel.it\/de\/#website"},"primaryImageOfPage":{"@id":"https:\/\/www.villabelvederehotel.it\/de\/preisliste\/#primaryimage"},"image":{"@id":"https:\/\/www.villabelvederehotel.it\/de\/preisliste\/#primaryimage"},"thumbnailUrl":"http:\/\/test.villabelvederehotel.it\/wp-content\/uploads\/2025\/01\/mock-up-buono-regalo.png","datePublished":"2025-01-16T11:01:57+00:00","dateModified":"2025-03-13T17:32:26+00:00","description":"Unsere Preisliste f\u00fcr Neben-und Hochsaison und f\u00fcr Art des Zimmers.","breadcrumb":{"@id":"https:\/\/www.villabelvederehotel.it\/de\/preisliste\/#breadcrumb"},"inLanguage":"de","potentialAction":[{"@type":"ReadAction","target":["https:\/\/www.villabelvederehotel.it\/de\/preisliste\/"]}]},{"@type":"ImageObject","inLanguage":"de","@id":"https:\/\/www.villabelvederehotel.it\/de\/preisliste\/#primaryimage","url":"http:\/\/test.villabelvederehotel.it\/wp-content\/uploads\/2025\/01\/mock-up-buono-regalo.png","contentUrl":"http:\/\/test.villabelvederehotel.it\/wp-content\/uploads\/2025\/01\/mock-up-buono-regalo.png"},{"@type":"BreadcrumbList","@id":"https:\/\/www.villabelvederehotel.it\/de\/preisliste\/#breadcrumb","itemListElement":[{"@type":"ListItem","position":1,"name":"Home","item":"https:\/\/www.villabelvederehotel.it\/de\/"},{"@type":"ListItem","position":2,"name":"Preisliste"}]},{"@type":"WebSite","@id":"https:\/\/www.villabelvederehotel.it\/de\/#website","url":"https:\/\/www.villabelvederehotel.it\/de\/","name":"Villa Belvedere","description":"","publisher":{"@id":"https:\/\/www.villabelvederehotel.it\/de\/#organization"},"potentialAction":[{"@type":"SearchAction","target":{"@type":"EntryPoint","urlTemplate":"https:\/\/www.villabelvederehotel.it\/de\/?s={search_term_string}"},"query-input":{"@type":"PropertyValueSpecification","valueRequired":true,"valueName":"search_term_string"}}],"inLanguage":"de"},{"@type":"Organization","@id":"https:\/\/www.villabelvederehotel.it\/de\/#organization","name":"Villa Belvedere","url":"https:\/\/www.villabelvederehotel.it\/de\/","logo":{"@type":"ImageObject","inLanguage":"de","@id":"https:\/\/www.villabelvederehotel.it\/de\/#\/schema\/logo\/image\/","url":"http:\/\/test.villabelvederehotel.it\/wp-content\/uploads\/2025\/03\/logo-villabelvedere-verde.png","contentUrl":"http:\/\/test.villabelvederehotel.it\/wp-content\/uploads\/2025\/03\/logo-villabelvedere-verde.png","width":967,"height":506,"caption":"Villa Belvedere"},"image":{"@id":"https:\/\/www.villabelvederehotel.it\/de\/#\/schema\/logo\/image\/"},"sameAs":["https:\/\/www.facebook.com\/villabelvederehotel\/","https:\/\/www.instagram.com\/parkhotelvillabelvedere\/"]}]}},"_links":{"self":[{"href":"https:\/\/www.villabelvederehotel.it\/de\/wp-json\/wp\/v2\/pages\/19673","targetHints":{"allow":["GET"]}}],"collection":[{"href":"https:\/\/www.villabelvederehotel.it\/de\/wp-json\/wp\/v2\/pages"}],"about":[{"href":"https:\/\/www.villabelvederehotel.it\/de\/wp-json\/wp\/v2\/types\/page"}],"author":[{"embeddable":true,"href":"https:\/\/www.villabelvederehotel.it\/de\/wp-json\/wp\/v2\/users\/1"}],"replies":[{"embeddable":true,"href":"https:\/\/www.villabelvederehotel.it\/de\/wp-json\/wp\/v2\/comments?post=19673"}],"version-history":[{"count":0,"href":"https:\/\/www.villabelvederehotel.it\/de\/wp-json\/wp\/v2\/pages\/19673\/revisions"}],"wp:attachment":[{"href":"https:\/\/www.villabelvederehotel.it\/de\/wp-json\/wp\/v2\/media?parent=19673"}],"curies":[{"name":"wp","href":"https:\/\/api.w.org\/{rel}","templated":true}]}}